{"id":1370,"date":"2025-06-30T07:44:47","date_gmt":"2025-06-30T07:44:47","guid":{"rendered":"https:\/\/libras888.com\/?post_type=product&#038;p=1370"},"modified":"2025-06-30T07:44:47","modified_gmt":"2025-06-30T07:44:47","slug":"hospital-health-center-clinic-medical-treatment-table-doctors-examination-table-office-medical-furniture-receptionexamination-table-11","status":"publish","type":"product","link":"https:\/\/libras888.com\/es\/producto\/hospital-health-center-clinic-medical-treatment-table-doctors-examination-table-office-medical-furniture-receptionexamination-table-11\/","title":{"rendered":"Hospital, centro de salud, cl\u00ednica, mesa de tratamiento m\u00e9dico, mesa de reconocimiento m\u00e9dico, mobiliario m\u00e9dico de oficina, mesa de recepci\u00f3n&amp;examen"},"content":{"rendered":"<p><img fetchpriority=\"high\" decoding=\"async\" class=\"alignnone size-full wp-image-1371\" src=\"https:\/\/libras888.com\/wp-content\/uploads\/2025\/06\/HG001-8.jpg\" alt=\"\" width=\"800\" height=\"800\" srcset=\"https:\/\/libras888.com\/wp-content\/uploads\/2025\/06\/HG001-8.jpg 800w, https:\/\/libras888.com\/wp-content\/uploads\/2025\/06\/HG001-8-300x300.jpg 300w, https:\/\/libras888.com\/wp-content\/uploads\/2025\/06\/HG001-8-100x100.jpg 100w, https:\/\/libras888.com\/wp-content\/uploads\/2025\/06\/HG001-8-600x600.jpg 600w, https:\/\/libras888.com\/wp-content\/uploads\/2025\/06\/HG001-8-150x150.jpg 150w, https:\/\/libras888.com\/wp-content\/uploads\/2025\/06\/HG001-8-768x768.jpg 768w\" sizes=\"(max-width: 800px) 100vw, 800px\" \/> <img decoding=\"async\" class=\"alignnone size-full wp-image-1372\" src=\"https:\/\/libras888.com\/wp-content\/uploads\/2025\/06\/HG002-8.jpg\" alt=\"\" width=\"800\" height=\"800\" srcset=\"https:\/\/libras888.com\/wp-content\/uploads\/2025\/06\/HG002-8.jpg 800w, https:\/\/libras888.com\/wp-content\/uploads\/2025\/06\/HG002-8-300x300.jpg 300w, https:\/\/libras888.com\/wp-content\/uploads\/2025\/06\/HG002-8-100x100.jpg 100w, https:\/\/libras888.com\/wp-content\/uploads\/2025\/06\/HG002-8-600x600.jpg 600w, https:\/\/libras888.com\/wp-content\/uploads\/2025\/06\/HG002-8-150x150.jpg 150w, https:\/\/libras888.com\/wp-content\/uploads\/2025\/06\/HG002-8-768x768.jpg 768w\" sizes=\"(max-width: 800px) 100vw, 800px\" \/> <img decoding=\"async\" class=\"alignnone size-full wp-image-1373\" src=\"https:\/\/libras888.com\/wp-content\/uploads\/2025\/06\/HG003-7.jpg\" alt=\"\" width=\"800\" height=\"800\" srcset=\"https:\/\/libras888.com\/wp-content\/uploads\/2025\/06\/HG003-7.jpg 800w, https:\/\/libras888.com\/wp-content\/uploads\/2025\/06\/HG003-7-300x300.jpg 300w, https:\/\/libras888.com\/wp-content\/uploads\/2025\/06\/HG003-7-100x100.jpg 100w, https:\/\/libras888.com\/wp-content\/uploads\/2025\/06\/HG003-7-600x600.jpg 600w, https:\/\/libras888.com\/wp-content\/uploads\/2025\/06\/HG003-7-150x150.jpg 150w, https:\/\/libras888.com\/wp-content\/uploads\/2025\/06\/HG003-7-768x768.jpg 768w\" sizes=\"(max-width: 800px) 100vw, 800px\" \/> <img loading=\"lazy\" decoding=\"async\" class=\"alignnone size-full wp-image-1374\" src=\"https:\/\/libras888.com\/wp-content\/uploads\/2025\/06\/HG004-7.jpg\" alt=\"\" width=\"800\" height=\"800\" srcset=\"https:\/\/libras888.com\/wp-content\/uploads\/2025\/06\/HG004-7.jpg 800w, https:\/\/libras888.com\/wp-content\/uploads\/2025\/06\/HG004-7-300x300.jpg 300w, https:\/\/libras888.com\/wp-content\/uploads\/2025\/06\/HG004-7-100x100.jpg 100w, https:\/\/libras888.com\/wp-content\/uploads\/2025\/06\/HG004-7-600x600.jpg 600w, https:\/\/libras888.com\/wp-content\/uploads\/2025\/06\/HG004-7-150x150.jpg 150w, https:\/\/libras888.com\/wp-content\/uploads\/2025\/06\/HG004-7-768x768.jpg 768w\" sizes=\"(max-width: 800px) 100vw, 800px\" \/> <img loading=\"lazy\" decoding=\"async\" class=\"alignnone size-full wp-image-1375\" src=\"https:\/\/libras888.com\/wp-content\/uploads\/2025\/06\/HG005-8.jpg\" alt=\"\" width=\"800\" height=\"800\" srcset=\"https:\/\/libras888.com\/wp-content\/uploads\/2025\/06\/HG005-8.jpg 800w, https:\/\/libras888.com\/wp-content\/uploads\/2025\/06\/HG005-8-300x300.jpg 300w, https:\/\/libras888.com\/wp-content\/uploads\/2025\/06\/HG005-8-100x100.jpg 100w, https:\/\/libras888.com\/wp-content\/uploads\/2025\/06\/HG005-8-600x600.jpg 600w, https:\/\/libras888.com\/wp-content\/uploads\/2025\/06\/HG005-8-150x150.jpg 150w, https:\/\/libras888.com\/wp-content\/uploads\/2025\/06\/HG005-8-768x768.jpg 768w\" sizes=\"(max-width: 800px) 100vw, 800px\" \/> <img loading=\"lazy\" decoding=\"async\" class=\"alignnone size-full wp-image-1376\" src=\"https:\/\/libras888.com\/wp-content\/uploads\/2025\/06\/HG006-7.jpg\" alt=\"\" width=\"800\" height=\"800\" srcset=\"https:\/\/libras888.com\/wp-content\/uploads\/2025\/06\/HG006-7.jpg 800w, https:\/\/libras888.com\/wp-content\/uploads\/2025\/06\/HG006-7-300x300.jpg 300w, https:\/\/libras888.com\/wp-content\/uploads\/2025\/06\/HG006-7-100x100.jpg 100w, https:\/\/libras888.com\/wp-content\/uploads\/2025\/06\/HG006-7-600x600.jpg 600w, https:\/\/libras888.com\/wp-content\/uploads\/2025\/06\/HG006-7-150x150.jpg 150w, https:\/\/libras888.com\/wp-content\/uploads\/2025\/06\/HG006-7-768x768.jpg 768w\" sizes=\"(max-width: 800px) 100vw, 800px\" \/> <img loading=\"lazy\" decoding=\"async\" class=\"alignnone size-full wp-image-1377\" src=\"https:\/\/libras888.com\/wp-content\/uploads\/2025\/06\/YB88_03.jpg\" alt=\"\" width=\"790\" height=\"872\" srcset=\"https:\/\/libras888.com\/wp-content\/uploads\/2025\/06\/YB88_03.jpg 790w, https:\/\/libras888.com\/wp-content\/uploads\/2025\/06\/YB88_03-600x662.jpg 600w, https:\/\/libras888.com\/wp-content\/uploads\/2025\/06\/YB88_03-272x300.jpg 272w, https:\/\/libras888.com\/wp-content\/uploads\/2025\/06\/YB88_03-768x848.jpg 768w\" sizes=\"(max-width: 790px) 100vw, 790px\" \/> <img loading=\"lazy\" decoding=\"async\" class=\"alignnone size-full wp-image-1378\" src=\"https:\/\/libras888.com\/wp-content\/uploads\/2025\/06\/YB88_04.jpg\" alt=\"\" width=\"790\" height=\"943\" srcset=\"https:\/\/libras888.com\/wp-content\/uploads\/2025\/06\/YB88_04.jpg 790w, https:\/\/libras888.com\/wp-content\/uploads\/2025\/06\/YB88_04-600x716.jpg 600w, https:\/\/libras888.com\/wp-content\/uploads\/2025\/06\/YB88_04-251x300.jpg 251w, https:\/\/libras888.com\/wp-content\/uploads\/2025\/06\/YB88_04-768x917.jpg 768w\" sizes=\"(max-width: 790px) 100vw, 790px\" \/> <img loading=\"lazy\" decoding=\"async\" class=\"alignnone size-full wp-image-1379\" src=\"https:\/\/libras888.com\/wp-content\/uploads\/2025\/06\/YB88_05.jpg\" alt=\"\" width=\"790\" height=\"1074\" srcset=\"https:\/\/libras888.com\/wp-content\/uploads\/2025\/06\/YB88_05.jpg 790w, https:\/\/libras888.com\/wp-content\/uploads\/2025\/06\/YB88_05-600x816.jpg 600w, https:\/\/libras888.com\/wp-content\/uploads\/2025\/06\/YB88_05-221x300.jpg 221w, https:\/\/libras888.com\/wp-content\/uploads\/2025\/06\/YB88_05-753x1024.jpg 753w, https:\/\/libras888.com\/wp-content\/uploads\/2025\/06\/YB88_05-768x1044.jpg 768w\" sizes=\"(max-width: 790px) 100vw, 790px\" \/> <img loading=\"lazy\" decoding=\"async\" class=\"alignnone size-full wp-image-1380\" src=\"https:\/\/libras888.com\/wp-content\/uploads\/2025\/06\/YB88_06.jpg\" alt=\"\" width=\"790\" height=\"1082\" srcset=\"https:\/\/libras888.com\/wp-content\/uploads\/2025\/06\/YB88_06.jpg 790w, https:\/\/libras888.com\/wp-content\/uploads\/2025\/06\/YB88_06-600x822.jpg 600w, https:\/\/libras888.com\/wp-content\/uploads\/2025\/06\/YB88_06-219x300.jpg 219w, https:\/\/libras888.com\/wp-content\/uploads\/2025\/06\/YB88_06-748x1024.jpg 748w, https:\/\/libras888.com\/wp-content\/uploads\/2025\/06\/YB88_06-768x1052.jpg 768w\" sizes=\"(max-width: 790px) 100vw, 790px\" \/> <img loading=\"lazy\" decoding=\"async\" class=\"alignnone size-full wp-image-1381\" src=\"https:\/\/libras888.com\/wp-content\/uploads\/2025\/06\/YB88_07.jpg\" alt=\"\" width=\"790\" height=\"1179\" srcset=\"https:\/\/libras888.com\/wp-content\/uploads\/2025\/06\/YB88_07.jpg 790w, https:\/\/libras888.com\/wp-content\/uploads\/2025\/06\/YB88_07-600x895.jpg 600w, https:\/\/libras888.com\/wp-content\/uploads\/2025\/06\/YB88_07-201x300.jpg 201w, https:\/\/libras888.com\/wp-content\/uploads\/2025\/06\/YB88_07-686x1024.jpg 686w, https:\/\/libras888.com\/wp-content\/uploads\/2025\/06\/YB88_07-768x1146.jpg 768w\" sizes=\"(max-width: 790px) 100vw, 790px\" \/> <img loading=\"lazy\" decoding=\"async\" class=\"alignnone size-full wp-image-1382\" src=\"https:\/\/libras888.com\/wp-content\/uploads\/2025\/06\/YB88_08.jpg\" alt=\"\" width=\"790\" height=\"947\" srcset=\"https:\/\/libras888.com\/wp-content\/uploads\/2025\/06\/YB88_08.jpg 790w, https:\/\/libras888.com\/wp-content\/uploads\/2025\/06\/YB88_08-600x719.jpg 600w, https:\/\/libras888.com\/wp-content\/uploads\/2025\/06\/YB88_08-250x300.jpg 250w, https:\/\/libras888.com\/wp-content\/uploads\/2025\/06\/YB88_08-768x921.jpg 768w\" sizes=\"(max-width: 790px) 100vw, 790px\" \/> <img loading=\"lazy\" decoding=\"async\" class=\"alignnone size-full wp-image-1383\" src=\"https:\/\/libras888.com\/wp-content\/uploads\/2025\/06\/YB88_09.jpg\" alt=\"\" width=\"790\" height=\"938\" srcset=\"https:\/\/libras888.com\/wp-content\/uploads\/2025\/06\/YB88_09.jpg 790w, https:\/\/libras888.com\/wp-content\/uploads\/2025\/06\/YB88_09-600x712.jpg 600w, https:\/\/libras888.com\/wp-content\/uploads\/2025\/06\/YB88_09-253x300.jpg 253w, https:\/\/libras888.com\/wp-content\/uploads\/2025\/06\/YB88_09-768x912.jpg 768w\" sizes=\"(max-width: 790px) 100vw, 790px\" \/> <img loading=\"lazy\" decoding=\"async\" class=\"alignnone size-full wp-image-1384\" src=\"https:\/\/libras888.com\/wp-content\/uploads\/2025\/06\/YB88_10.jpg\" alt=\"\" width=\"790\" height=\"962\" srcset=\"https:\/\/libras888.com\/wp-content\/uploads\/2025\/06\/YB88_10.jpg 790w, https:\/\/libras888.com\/wp-content\/uploads\/2025\/06\/YB88_10-600x731.jpg 600w, https:\/\/libras888.com\/wp-content\/uploads\/2025\/06\/YB88_10-246x300.jpg 246w, https:\/\/libras888.com\/wp-content\/uploads\/2025\/06\/YB88_10-768x935.jpg 768w\" sizes=\"(max-width: 790px) 100vw, 790px\" \/> <img loading=\"lazy\" decoding=\"async\" class=\"alignnone size-full wp-image-1385\" src=\"https:\/\/libras888.com\/wp-content\/uploads\/2025\/06\/YB88_11.jpg\" alt=\"\" width=\"790\" height=\"910\" srcset=\"https:\/\/libras888.com\/wp-content\/uploads\/2025\/06\/YB88_11.jpg 790w, https:\/\/libras888.com\/wp-content\/uploads\/2025\/06\/YB88_11-600x691.jpg 600w, https:\/\/libras888.com\/wp-content\/uploads\/2025\/06\/YB88_11-260x300.jpg 260w, https:\/\/libras888.com\/wp-content\/uploads\/2025\/06\/YB88_11-768x885.jpg 768w\" sizes=\"(max-width: 790px) 100vw, 790px\" \/> <img loading=\"lazy\" decoding=\"async\" class=\"alignnone size-full wp-image-1386\" src=\"https:\/\/libras888.com\/wp-content\/uploads\/2025\/06\/YB88_12.jpg\" alt=\"\" width=\"790\" height=\"1130\" srcset=\"https:\/\/libras888.com\/wp-content\/uploads\/2025\/06\/YB88_12.jpg 790w, https:\/\/libras888.com\/wp-content\/uploads\/2025\/06\/YB88_12-600x858.jpg 600w, https:\/\/libras888.com\/wp-content\/uploads\/2025\/06\/YB88_12-210x300.jpg 210w, https:\/\/libras888.com\/wp-content\/uploads\/2025\/06\/YB88_12-716x1024.jpg 716w, https:\/\/libras888.com\/wp-content\/uploads\/2025\/06\/YB88_12-768x1099.jpg 768w\" sizes=\"(max-width: 790px) 100vw, 790px\" \/> <img loading=\"lazy\" decoding=\"async\" class=\"alignnone size-full wp-image-1387\" src=\"https:\/\/libras888.com\/wp-content\/uploads\/2025\/06\/YB88_13.jpg\" alt=\"\" width=\"790\" height=\"1065\" srcset=\"https:\/\/libras888.com\/wp-content\/uploads\/2025\/06\/YB88_13.jpg 790w, https:\/\/libras888.com\/wp-content\/uploads\/2025\/06\/YB88_13-600x809.jpg 600w, https:\/\/libras888.com\/wp-content\/uploads\/2025\/06\/YB88_13-223x300.jpg 223w, https:\/\/libras888.com\/wp-content\/uploads\/2025\/06\/YB88_13-760x1024.jpg 760w, https:\/\/libras888.com\/wp-content\/uploads\/2025\/06\/YB88_13-768x1035.jpg 768w\" sizes=\"(max-width: 790px) 100vw, 790px\" \/> <img loading=\"lazy\" decoding=\"async\" class=\"alignnone size-full wp-image-1388\" src=\"https:\/\/libras888.com\/wp-content\/uploads\/2025\/06\/YB88.jpg\" alt=\"\" width=\"800\" height=\"800\" srcset=\"https:\/\/libras888.com\/wp-content\/uploads\/2025\/06\/YB88.jpg 800w, https:\/\/libras888.com\/wp-content\/uploads\/2025\/06\/YB88-300x300.jpg 300w, https:\/\/libras888.com\/wp-content\/uploads\/2025\/06\/YB88-100x100.jpg 100w, https:\/\/libras888.com\/wp-content\/uploads\/2025\/06\/YB88-600x600.jpg 600w, https:\/\/libras888.com\/wp-content\/uploads\/2025\/06\/YB88-150x150.jpg 150w, https:\/\/libras888.com\/wp-content\/uploads\/2025\/06\/YB88-768x768.jpg 768w\" sizes=\"(max-width: 800px) 100vw, 800px\" \/><\/p>","protected":false},"excerpt":{"rendered":"<table style=\"border-collapse: collapse; width: 780px; height: 854px;\" border=\"0\" width=\"45\" cellspacing=\"0\" cellpadding=\"0\">\n<tbody>\n<tr style=\"height: 16.80pt;\">\n<td style=\"height: 16.80pt; width: 45.40pt;\" width=\"45\" height=\"16\">Par\u00e1metros del producto<\/td>\n<\/tr>\n<tr style=\"height: 16.80pt;\">\n<td style=\"height: 16.80pt;\" height=\"16\">Marca:Libra's union<\/td>\n<\/tr>\n<tr style=\"height: 17.00pt;\">\n<td style=\"height: 17.00pt;\" height=\"17\"><span class=\"font0\">N\u00ba de modelo<\/span><span class=\"font1\">YB88<\/span><\/td>\n<\/tr>\n<tr style=\"height: 16.80pt;\">\n<td style=\"height: 16.80pt;\" height=\"16\">Material principal: paneles artificiales<\/td>\n<\/tr>\n<tr style=\"height: 16.80pt;\">\n<td style=\"height: 16.80pt;\" height=\"16\">Color: Azul,Rosa,Grano de madera<\/td>\n<\/tr>\n<tr style=\"height: 16.80pt;\">\n<td style=\"height: 16.80pt;\" height=\"16\">Tipos de material:Tablero de corte \/ Tablero de melamina<\/td>\n<\/tr>\n<tr style=\"height: 17.00pt;\">\n<td style=\"height: 17.00pt;\" height=\"17\"><span class=\"font0\">Forma:<\/span><span class=\"font1\">Cuadrado<\/span><\/td>\n<\/tr>\n<tr style=\"height: 16.80pt;\">\n<td style=\"height: 16.80pt;\" height=\"16\">Estilo:Minimalismo<\/td>\n<\/tr>\n<tr style=\"height: 16.80pt;\">\n<td style=\"height: 16.80pt;\" height=\"16\">Origen de la producci\u00f3n:China continental<\/td>\n<\/tr>\n<tr style=\"height: 16.80pt;\">\n<td style=\"height: 16.80pt;\" height=\"16\">Clasificaci\u00f3n medioambiental: Clase E1<\/td>\n<\/tr>\n<\/tbody>\n<\/table>","protected":false},"featured_media":1371,"comment_status":"open","ping_status":"closed","template":"","meta":{"site-sidebar-layout":"default","site-content-layout":"","ast-site-content-layout":"default","site-content-style":"default","site-sidebar-style":"default","ast-global-header-display":"","ast-banner-title-visibility":"","ast-main-header-display":"","ast-hfb-above-header-display":"","ast-hfb-below-header-display":"","ast-hfb-mobile-header-display":"","site-post-title":"","ast-breadcrumbs-content":"","ast-featured-img":"","footer-sml-layout":"","ast-disable-related-posts":"","theme-transparent-header-meta":"default","adv-header-id-meta":"","stick-header-meta":"","header-above-stick-meta":"","header-main-stick-meta":"","header-below-stick-meta":"","astra-migrate-meta-layouts":"set","ast-page-background-enabled":"default","ast-page-background-meta":{"desktop":{"background-color":"var(--ast-global-color-4)","background-image":"","background-repeat":"repeat","background-position":"center center","background-size":"auto","background-attachment":"scroll","background-type":"","background-media":"","overlay-type":"","overlay-color":"","overlay-opacity":"","overlay-gradient":""},"tablet":{"background-color":"","background-image":"","background-repeat":"repeat","background-position":"center center","background-size":"auto","background-attachment":"scroll","background-type":"","background-media":"","overlay-type":"","overlay-color":"","overlay-opacity":"","overlay-gradient":""},"mobile":{"background-color":"","background-image":"","background-repeat":"repeat","background-position":"center center","background-size":"auto","background-attachment":"scroll","background-type":"","background-media":"","overlay-type":"","overlay-color":"","overlay-opacity":"","overlay-gradient":""}},"ast-content-background-meta":{"desktop":{"background-color":"var(--ast-global-color-5)","background-image":"","background-repeat":"repeat","background-position":"center center","background-size":"auto","background-attachment":"scroll","background-type":"","background-media":"","overlay-type":"","overlay-color":"","overlay-opacity":"","overlay-gradient":""},"tablet":{"background-color":"var(--ast-global-color-5)","background-image":"","background-repeat":"repeat","background-position":"center center","background-size":"auto","background-attachment":"scroll","background-type":"","background-media":"","overlay-type":"","overlay-color":"","overlay-opacity":"","overlay-gradient":""},"mobile":{"background-color":"var(--ast-global-color-5)","background-image":"","background-repeat":"repeat","background-position":"center center","background-size":"auto","background-attachment":"scroll","background-type":"","background-media":"","overlay-type":"","overlay-color":"","overlay-opacity":"","overlay-gradient":""}}},"product_brand":[],"product_cat":[31],"product_tag":[],"class_list":{"0":"post-1370","1":"product","2":"type-product","3":"status-publish","4":"has-post-thumbnail","6":"product_cat-medical-table","7":"desktop-align-left","8":"tablet-align-left","9":"mobile-align-left","11":"first","12":"instock","13":"shipping-taxable","14":"product-type-simple"},"_links":{"self":[{"href":"https:\/\/libras888.com\/es\/wp-json\/wp\/v2\/product\/1370","targetHints":{"allow":["GET"]}}],"collection":[{"href":"https:\/\/libras888.com\/es\/wp-json\/wp\/v2\/product"}],"about":[{"href":"https:\/\/libras888.com\/es\/wp-json\/wp\/v2\/types\/product"}],"replies":[{"embeddable":true,"href":"https:\/\/libras888.com\/es\/wp-json\/wp\/v2\/comments?post=1370"}],"wp:featuredmedia":[{"embeddable":true,"href":"https:\/\/libras888.com\/es\/wp-json\/wp\/v2\/media\/1371"}],"wp:attachment":[{"href":"https:\/\/libras888.com\/es\/wp-json\/wp\/v2\/media?parent=1370"}],"wp:term":[{"taxonomy":"product_brand","embeddable":true,"href":"https:\/\/libras888.com\/es\/wp-json\/wp\/v2\/product_brand?post=1370"},{"taxonomy":"product_cat","embeddable":true,"href":"https:\/\/libras888.com\/es\/wp-json\/wp\/v2\/product_cat?post=1370"},{"taxonomy":"product_tag","embeddable":true,"href":"https:\/\/libras888.com\/es\/wp-json\/wp\/v2\/product_tag?post=1370"}],"curies":[{"name":"wp","href":"https:\/\/api.w.org\/{rel}","templated":true}]}}