{"id":1389,"date":"2025-06-30T07:50:12","date_gmt":"2025-06-30T07:50:12","guid":{"rendered":"https:\/\/libras888.com\/?post_type=product&#038;p=1389"},"modified":"2025-06-30T07:50:12","modified_gmt":"2025-06-30T07:50:12","slug":"collection-blood-sampling-table-doctors-table-vaccination-table-injection-table-outpatient-vaccine-childrens-treatment-table","status":"publish","type":"product","link":"https:\/\/libras888.com\/es\/producto\/collection-blood-sampling-table-doctors-table-vaccination-table-injection-table-outpatient-vaccine-childrens-treatment-table\/","title":{"rendered":"extracci\u00f3n, mesa de toma de muestras de sangre, mesa del m\u00e9dico, mesa de vacunaci\u00f3n, mesa de inyecciones, vacunaci\u00f3n ambulatoria, mesa de tratamiento infantil"},"content":{"rendered":"<p><img fetchpriority=\"high\" decoding=\"async\" class=\"alignnone size-full wp-image-1390\" src=\"https:\/\/libras888.com\/wp-content\/uploads\/2025\/06\/YB185_03.jpg\" alt=\"\" width=\"790\" height=\"794\" srcset=\"https:\/\/libras888.com\/wp-content\/uploads\/2025\/06\/YB185_03.jpg 790w, https:\/\/libras888.com\/wp-content\/uploads\/2025\/06\/YB185_03-100x100.jpg 100w, https:\/\/libras888.com\/wp-content\/uploads\/2025\/06\/YB185_03-600x603.jpg 600w, https:\/\/libras888.com\/wp-content\/uploads\/2025\/06\/YB185_03-298x300.jpg 298w, https:\/\/libras888.com\/wp-content\/uploads\/2025\/06\/YB185_03-150x150.jpg 150w, https:\/\/libras888.com\/wp-content\/uploads\/2025\/06\/YB185_03-768x772.jpg 768w\" sizes=\"(max-width: 790px) 100vw, 790px\" \/> <img decoding=\"async\" class=\"alignnone size-full wp-image-1391\" src=\"https:\/\/libras888.com\/wp-content\/uploads\/2025\/06\/YB185_04.jpg\" alt=\"\" width=\"790\" height=\"658\" srcset=\"https:\/\/libras888.com\/wp-content\/uploads\/2025\/06\/YB185_04.jpg 790w, https:\/\/libras888.com\/wp-content\/uploads\/2025\/06\/YB185_04-600x500.jpg 600w, https:\/\/libras888.com\/wp-content\/uploads\/2025\/06\/YB185_04-300x250.jpg 300w, https:\/\/libras888.com\/wp-content\/uploads\/2025\/06\/YB185_04-768x640.jpg 768w\" sizes=\"(max-width: 790px) 100vw, 790px\" \/> <img decoding=\"async\" class=\"alignnone size-full wp-image-1392\" src=\"https:\/\/libras888.com\/wp-content\/uploads\/2025\/06\/YB185_05.jpg\" alt=\"\" width=\"790\" height=\"997\" srcset=\"https:\/\/libras888.com\/wp-content\/uploads\/2025\/06\/YB185_05.jpg 790w, https:\/\/libras888.com\/wp-content\/uploads\/2025\/06\/YB185_05-600x757.jpg 600w, https:\/\/libras888.com\/wp-content\/uploads\/2025\/06\/YB185_05-238x300.jpg 238w, https:\/\/libras888.com\/wp-content\/uploads\/2025\/06\/YB185_05-768x969.jpg 768w\" sizes=\"(max-width: 790px) 100vw, 790px\" \/> <img loading=\"lazy\" decoding=\"async\" class=\"alignnone size-full wp-image-1393\" src=\"https:\/\/libras888.com\/wp-content\/uploads\/2025\/06\/YB185_06.jpg\" alt=\"\" width=\"790\" height=\"1083\" srcset=\"https:\/\/libras888.com\/wp-content\/uploads\/2025\/06\/YB185_06.jpg 790w, https:\/\/libras888.com\/wp-content\/uploads\/2025\/06\/YB185_06-600x823.jpg 600w, https:\/\/libras888.com\/wp-content\/uploads\/2025\/06\/YB185_06-219x300.jpg 219w, https:\/\/libras888.com\/wp-content\/uploads\/2025\/06\/YB185_06-747x1024.jpg 747w, https:\/\/libras888.com\/wp-content\/uploads\/2025\/06\/YB185_06-768x1053.jpg 768w\" sizes=\"(max-width: 790px) 100vw, 790px\" \/> <img loading=\"lazy\" decoding=\"async\" class=\"alignnone size-full wp-image-1394\" src=\"https:\/\/libras888.com\/wp-content\/uploads\/2025\/06\/YB185_08.jpg\" alt=\"\" width=\"790\" height=\"1490\" srcset=\"https:\/\/libras888.com\/wp-content\/uploads\/2025\/06\/YB185_08.jpg 790w, https:\/\/libras888.com\/wp-content\/uploads\/2025\/06\/YB185_08-600x1132.jpg 600w, https:\/\/libras888.com\/wp-content\/uploads\/2025\/06\/YB185_08-159x300.jpg 159w, https:\/\/libras888.com\/wp-content\/uploads\/2025\/06\/YB185_08-543x1024.jpg 543w, https:\/\/libras888.com\/wp-content\/uploads\/2025\/06\/YB185_08-768x1449.jpg 768w\" sizes=\"(max-width: 790px) 100vw, 790px\" \/> <img loading=\"lazy\" decoding=\"async\" class=\"alignnone size-full wp-image-1395\" src=\"https:\/\/libras888.com\/wp-content\/uploads\/2025\/06\/YB185_09.jpg\" alt=\"\" width=\"790\" height=\"1337\" srcset=\"https:\/\/libras888.com\/wp-content\/uploads\/2025\/06\/YB185_09.jpg 790w, https:\/\/libras888.com\/wp-content\/uploads\/2025\/06\/YB185_09-600x1015.jpg 600w, https:\/\/libras888.com\/wp-content\/uploads\/2025\/06\/YB185_09-177x300.jpg 177w, https:\/\/libras888.com\/wp-content\/uploads\/2025\/06\/YB185_09-605x1024.jpg 605w, https:\/\/libras888.com\/wp-content\/uploads\/2025\/06\/YB185_09-768x1300.jpg 768w\" sizes=\"(max-width: 790px) 100vw, 790px\" \/> <img loading=\"lazy\" decoding=\"async\" class=\"alignnone size-full wp-image-1396\" src=\"https:\/\/libras888.com\/wp-content\/uploads\/2025\/06\/YB185_10.jpg\" alt=\"\" width=\"790\" height=\"1428\" srcset=\"https:\/\/libras888.com\/wp-content\/uploads\/2025\/06\/YB185_10.jpg 790w, https:\/\/libras888.com\/wp-content\/uploads\/2025\/06\/YB185_10-600x1085.jpg 600w, https:\/\/libras888.com\/wp-content\/uploads\/2025\/06\/YB185_10-166x300.jpg 166w, https:\/\/libras888.com\/wp-content\/uploads\/2025\/06\/YB185_10-566x1024.jpg 566w, https:\/\/libras888.com\/wp-content\/uploads\/2025\/06\/YB185_10-768x1388.jpg 768w\" sizes=\"(max-width: 790px) 100vw, 790px\" \/><\/p>","protected":false},"excerpt":{"rendered":"<table style=\"border-collapse: collapse; width: 678px; height: 803px;\" border=\"0\" width=\"45\" cellspacing=\"0\" cellpadding=\"0\">\n<tbody>\n<tr style=\"height: 16.80pt;\">\n<td style=\"height: 16.80pt; width: 45.40pt;\" width=\"45\" height=\"16\">Par\u00e1metros del producto<\/td>\n<\/tr>\n<tr style=\"height: 16.80pt;\">\n<td style=\"height: 16.80pt;\" height=\"16\">Marca:Libra's union<\/td>\n<\/tr>\n<tr style=\"height: 17.00pt;\">\n<td style=\"height: 17.00pt;\" height=\"17\"><span class=\"font0\">N\u00ba de modelo<\/span><span class=\"font1\">YB185<\/span><\/td>\n<\/tr>\n<tr style=\"height: 16.80pt;\">\n<td style=\"height: 16.80pt;\" height=\"16\">Material principal: paneles artificiales<\/td>\n<\/tr>\n<tr style=\"height: 16.80pt;\">\n<td style=\"height: 16.80pt;\" height=\"16\">Color: Azul<\/td>\n<\/tr>\n<tr style=\"height: 16.80pt;\">\n<td style=\"height: 16.80pt;\" height=\"16\">Tipos de material:Tablero de corte \/ Tablero de melamina<\/td>\n<\/tr>\n<tr style=\"height: 17.00pt;\">\n<td style=\"height: 17.00pt;\" height=\"17\"><span class=\"font0\">Forma:<\/span><span class=\"font1\">Cuadrado<\/span><\/td>\n<\/tr>\n<tr style=\"height: 16.80pt;\">\n<td style=\"height: 16.80pt;\" height=\"16\">Estilo:Minimalismo<\/td>\n<\/tr>\n<tr style=\"height: 16.80pt;\">\n<td style=\"height: 16.80pt;\" height=\"16\">Origen de la producci\u00f3n:China continental<\/td>\n<\/tr>\n<tr style=\"height: 16.80pt;\">\n<td style=\"height: 16.80pt;\" height=\"16\">Clasificaci\u00f3n medioambiental: Clase E1<\/td>\n<\/tr>\n<\/tbody>\n<\/table>","protected":false},"featured_media":1390,"comment_status":"open","ping_status":"closed","template":"","meta":{"site-sidebar-layout":"default","site-content-layout":"","ast-site-content-layout":"default","site-content-style":"default","site-sidebar-style":"default","ast-global-header-display":"","ast-banner-title-visibility":"","ast-main-header-display":"","ast-hfb-above-header-display":"","ast-hfb-below-header-display":"","ast-hfb-mobile-header-display":"","site-post-title":"","ast-breadcrumbs-content":"","ast-featured-img":"","footer-sml-layout":"","ast-disable-related-posts":"","theme-transparent-header-meta":"default","adv-header-id-meta":"","stick-header-meta":"","header-above-stick-meta":"","header-main-stick-meta":"","header-below-stick-meta":"","astra-migrate-meta-layouts":"set","ast-page-background-enabled":"default","ast-page-background-meta":{"desktop":{"background-color":"var(--ast-global-color-4)","background-image":"","background-repeat":"repeat","background-position":"center center","background-size":"auto","background-attachment":"scroll","background-type":"","background-media":"","overlay-type":"","overlay-color":"","overlay-opacity":"","overlay-gradient":""},"tablet":{"background-color":"","background-image":"","background-repeat":"repeat","background-position":"center center","background-size":"auto","background-attachment":"scroll","background-type":"","background-media":"","overlay-type":"","overlay-color":"","overlay-opacity":"","overlay-gradient":""},"mobile":{"background-color":"","background-image":"","background-repeat":"repeat","background-position":"center center","background-size":"auto","background-attachment":"scroll","background-type":"","background-media":"","overlay-type":"","overlay-color":"","overlay-opacity":"","overlay-gradient":""}},"ast-content-background-meta":{"desktop":{"background-color":"var(--ast-global-color-5)","background-image":"","background-repeat":"repeat","background-position":"center center","background-size":"auto","background-attachment":"scroll","background-type":"","background-media":"","overlay-type":"","overlay-color":"","overlay-opacity":"","overlay-gradient":""},"tablet":{"background-color":"var(--ast-global-color-5)","background-image":"","background-repeat":"repeat","background-position":"center center","background-size":"auto","background-attachment":"scroll","background-type":"","background-media":"","overlay-type":"","overlay-color":"","overlay-opacity":"","overlay-gradient":""},"mobile":{"background-color":"var(--ast-global-color-5)","background-image":"","background-repeat":"repeat","background-position":"center center","background-size":"auto","background-attachment":"scroll","background-type":"","background-media":"","overlay-type":"","overlay-color":"","overlay-opacity":"","overlay-gradient":""}}},"product_brand":[],"product_cat":[31],"product_tag":[],"class_list":{"0":"post-1389","1":"product","2":"type-product","3":"status-publish","4":"has-post-thumbnail","6":"product_cat-medical-table","7":"desktop-align-left","8":"tablet-align-left","9":"mobile-align-left","11":"first","12":"instock","13":"shipping-taxable","14":"product-type-simple"},"_links":{"self":[{"href":"https:\/\/libras888.com\/es\/wp-json\/wp\/v2\/product\/1389","targetHints":{"allow":["GET"]}}],"collection":[{"href":"https:\/\/libras888.com\/es\/wp-json\/wp\/v2\/product"}],"about":[{"href":"https:\/\/libras888.com\/es\/wp-json\/wp\/v2\/types\/product"}],"replies":[{"embeddable":true,"href":"https:\/\/libras888.com\/es\/wp-json\/wp\/v2\/comments?post=1389"}],"wp:featuredmedia":[{"embeddable":true,"href":"https:\/\/libras888.com\/es\/wp-json\/wp\/v2\/media\/1390"}],"wp:attachment":[{"href":"https:\/\/libras888.com\/es\/wp-json\/wp\/v2\/media?parent=1389"}],"wp:term":[{"taxonomy":"product_brand","embeddable":true,"href":"https:\/\/libras888.com\/es\/wp-json\/wp\/v2\/product_brand?post=1389"},{"taxonomy":"product_cat","embeddable":true,"href":"https:\/\/libras888.com\/es\/wp-json\/wp\/v2\/product_cat?post=1389"},{"taxonomy":"product_tag","embeddable":true,"href":"https:\/\/libras888.com\/es\/wp-json\/wp\/v2\/product_tag?post=1389"}],"curies":[{"name":"wp","href":"https:\/\/api.w.org\/{rel}","templated":true}]}}