{"id":1416,"date":"2025-06-30T08:03:39","date_gmt":"2025-06-30T08:03:39","guid":{"rendered":"https:\/\/libras888.com\/?post_type=product&#038;p=1416"},"modified":"2025-06-30T08:03:39","modified_gmt":"2025-06-30T08:03:39","slug":"western-medicine-cabinet%ef%bc%8c-clinic-medical-pharmacy-display-cabinet%ef%bc%8c-treatment-room-disposal-table%ef%bc%8chospital-drug-dispensing-cabinet-shelf-2","status":"publish","type":"product","link":"https:\/\/libras888.com\/es\/producto\/western-medicine-cabinet%ef%bc%8c-clinic-medical-pharmacy-display-cabinet%ef%bc%8c-treatment-room-disposal-table%ef%bc%8chospital-drug-dispensing-cabinet-shelf-2\/","title":{"rendered":"Gabinete de medicina occidental, gabinete de exhibici\u00f3n de la farmacia m\u00e9dica de la cl\u00ednica, tabla de la disposici\u00f3n del sitio del tratamiento, estante del gabinete de dispensaci\u00f3n de la droga del hospital."},"content":{"rendered":"<p><img fetchpriority=\"high\" decoding=\"async\" class=\"alignnone size-full wp-image-1417\" src=\"https:\/\/libras888.com\/wp-content\/uploads\/2025\/06\/HG001-9.jpg\" alt=\"\" width=\"800\" height=\"800\" srcset=\"https:\/\/libras888.com\/wp-content\/uploads\/2025\/06\/HG001-9.jpg 800w, https:\/\/libras888.com\/wp-content\/uploads\/2025\/06\/HG001-9-300x300.jpg 300w, https:\/\/libras888.com\/wp-content\/uploads\/2025\/06\/HG001-9-100x100.jpg 100w, https:\/\/libras888.com\/wp-content\/uploads\/2025\/06\/HG001-9-600x600.jpg 600w, https:\/\/libras888.com\/wp-content\/uploads\/2025\/06\/HG001-9-150x150.jpg 150w, https:\/\/libras888.com\/wp-content\/uploads\/2025\/06\/HG001-9-768x768.jpg 768w\" sizes=\"(max-width: 800px) 100vw, 800px\" \/> <img decoding=\"async\" class=\"alignnone size-full wp-image-1418\" src=\"https:\/\/libras888.com\/wp-content\/uploads\/2025\/06\/HG002-9.jpg\" alt=\"\" width=\"800\" height=\"800\" srcset=\"https:\/\/libras888.com\/wp-content\/uploads\/2025\/06\/HG002-9.jpg 800w, https:\/\/libras888.com\/wp-content\/uploads\/2025\/06\/HG002-9-300x300.jpg 300w, https:\/\/libras888.com\/wp-content\/uploads\/2025\/06\/HG002-9-100x100.jpg 100w, https:\/\/libras888.com\/wp-content\/uploads\/2025\/06\/HG002-9-600x600.jpg 600w, https:\/\/libras888.com\/wp-content\/uploads\/2025\/06\/HG002-9-150x150.jpg 150w, https:\/\/libras888.com\/wp-content\/uploads\/2025\/06\/HG002-9-768x768.jpg 768w\" sizes=\"(max-width: 800px) 100vw, 800px\" \/> <img decoding=\"async\" class=\"alignnone size-full wp-image-1419\" src=\"https:\/\/libras888.com\/wp-content\/uploads\/2025\/06\/HG003-8.jpg\" alt=\"\" width=\"800\" height=\"800\" srcset=\"https:\/\/libras888.com\/wp-content\/uploads\/2025\/06\/HG003-8.jpg 800w, https:\/\/libras888.com\/wp-content\/uploads\/2025\/06\/HG003-8-300x300.jpg 300w, https:\/\/libras888.com\/wp-content\/uploads\/2025\/06\/HG003-8-100x100.jpg 100w, https:\/\/libras888.com\/wp-content\/uploads\/2025\/06\/HG003-8-600x600.jpg 600w, https:\/\/libras888.com\/wp-content\/uploads\/2025\/06\/HG003-8-150x150.jpg 150w, https:\/\/libras888.com\/wp-content\/uploads\/2025\/06\/HG003-8-768x768.jpg 768w\" sizes=\"(max-width: 800px) 100vw, 800px\" \/> <img loading=\"lazy\" decoding=\"async\" class=\"alignnone size-full wp-image-1420\" src=\"https:\/\/libras888.com\/wp-content\/uploads\/2025\/06\/HG004-8.jpg\" alt=\"\" width=\"800\" height=\"800\" srcset=\"https:\/\/libras888.com\/wp-content\/uploads\/2025\/06\/HG004-8.jpg 800w, https:\/\/libras888.com\/wp-content\/uploads\/2025\/06\/HG004-8-300x300.jpg 300w, https:\/\/libras888.com\/wp-content\/uploads\/2025\/06\/HG004-8-100x100.jpg 100w, https:\/\/libras888.com\/wp-content\/uploads\/2025\/06\/HG004-8-600x600.jpg 600w, https:\/\/libras888.com\/wp-content\/uploads\/2025\/06\/HG004-8-150x150.jpg 150w, https:\/\/libras888.com\/wp-content\/uploads\/2025\/06\/HG004-8-768x768.jpg 768w\" sizes=\"(max-width: 800px) 100vw, 800px\" \/> <img loading=\"lazy\" decoding=\"async\" class=\"alignnone size-full wp-image-1421\" src=\"https:\/\/libras888.com\/wp-content\/uploads\/2025\/06\/HG005-9.jpg\" alt=\"\" width=\"800\" height=\"800\" srcset=\"https:\/\/libras888.com\/wp-content\/uploads\/2025\/06\/HG005-9.jpg 800w, https:\/\/libras888.com\/wp-content\/uploads\/2025\/06\/HG005-9-300x300.jpg 300w, https:\/\/libras888.com\/wp-content\/uploads\/2025\/06\/HG005-9-100x100.jpg 100w, https:\/\/libras888.com\/wp-content\/uploads\/2025\/06\/HG005-9-600x600.jpg 600w, https:\/\/libras888.com\/wp-content\/uploads\/2025\/06\/HG005-9-150x150.jpg 150w, https:\/\/libras888.com\/wp-content\/uploads\/2025\/06\/HG005-9-768x768.jpg 768w\" sizes=\"(max-width: 800px) 100vw, 800px\" \/> <img loading=\"lazy\" decoding=\"async\" class=\"alignnone size-full wp-image-1422\" src=\"https:\/\/libras888.com\/wp-content\/uploads\/2025\/06\/HG006-8.jpg\" alt=\"\" width=\"800\" height=\"800\" srcset=\"https:\/\/libras888.com\/wp-content\/uploads\/2025\/06\/HG006-8.jpg 800w, https:\/\/libras888.com\/wp-content\/uploads\/2025\/06\/HG006-8-300x300.jpg 300w, https:\/\/libras888.com\/wp-content\/uploads\/2025\/06\/HG006-8-100x100.jpg 100w, https:\/\/libras888.com\/wp-content\/uploads\/2025\/06\/HG006-8-600x600.jpg 600w, https:\/\/libras888.com\/wp-content\/uploads\/2025\/06\/HG006-8-150x150.jpg 150w, https:\/\/libras888.com\/wp-content\/uploads\/2025\/06\/HG006-8-768x768.jpg 768w\" sizes=\"(max-width: 800px) 100vw, 800px\" \/> <img loading=\"lazy\" decoding=\"async\" class=\"alignnone size-full wp-image-1423\" src=\"https:\/\/libras888.com\/wp-content\/uploads\/2025\/06\/HG007-3.jpg\" alt=\"\" width=\"800\" height=\"800\" srcset=\"https:\/\/libras888.com\/wp-content\/uploads\/2025\/06\/HG007-3.jpg 800w, https:\/\/libras888.com\/wp-content\/uploads\/2025\/06\/HG007-3-300x300.jpg 300w, https:\/\/libras888.com\/wp-content\/uploads\/2025\/06\/HG007-3-100x100.jpg 100w, https:\/\/libras888.com\/wp-content\/uploads\/2025\/06\/HG007-3-600x600.jpg 600w, https:\/\/libras888.com\/wp-content\/uploads\/2025\/06\/HG007-3-150x150.jpg 150w, https:\/\/libras888.com\/wp-content\/uploads\/2025\/06\/HG007-3-768x768.jpg 768w\" sizes=\"(max-width: 800px) 100vw, 800px\" \/> <img loading=\"lazy\" decoding=\"async\" class=\"alignnone size-full wp-image-1424\" src=\"https:\/\/libras888.com\/wp-content\/uploads\/2025\/06\/YB56M_06.jpg\" alt=\"\" width=\"790\" height=\"1213\" srcset=\"https:\/\/libras888.com\/wp-content\/uploads\/2025\/06\/YB56M_06.jpg 790w, https:\/\/libras888.com\/wp-content\/uploads\/2025\/06\/YB56M_06-600x921.jpg 600w, https:\/\/libras888.com\/wp-content\/uploads\/2025\/06\/YB56M_06-195x300.jpg 195w, https:\/\/libras888.com\/wp-content\/uploads\/2025\/06\/YB56M_06-667x1024.jpg 667w, https:\/\/libras888.com\/wp-content\/uploads\/2025\/06\/YB56M_06-768x1179.jpg 768w\" sizes=\"(max-width: 790px) 100vw, 790px\" \/> <img loading=\"lazy\" decoding=\"async\" class=\"alignnone size-full wp-image-1425\" src=\"https:\/\/libras888.com\/wp-content\/uploads\/2025\/06\/YB56M_07.jpg\" alt=\"\" width=\"790\" height=\"1005\" srcset=\"https:\/\/libras888.com\/wp-content\/uploads\/2025\/06\/YB56M_07.jpg 790w, https:\/\/libras888.com\/wp-content\/uploads\/2025\/06\/YB56M_07-600x763.jpg 600w, https:\/\/libras888.com\/wp-content\/uploads\/2025\/06\/YB56M_07-236x300.jpg 236w, https:\/\/libras888.com\/wp-content\/uploads\/2025\/06\/YB56M_07-768x977.jpg 768w\" sizes=\"(max-width: 790px) 100vw, 790px\" \/> <img loading=\"lazy\" decoding=\"async\" class=\"alignnone size-full wp-image-1426\" src=\"https:\/\/libras888.com\/wp-content\/uploads\/2025\/06\/YB56M_08.jpg\" alt=\"\" width=\"790\" height=\"919\" srcset=\"https:\/\/libras888.com\/wp-content\/uploads\/2025\/06\/YB56M_08.jpg 790w, https:\/\/libras888.com\/wp-content\/uploads\/2025\/06\/YB56M_08-600x698.jpg 600w, https:\/\/libras888.com\/wp-content\/uploads\/2025\/06\/YB56M_08-258x300.jpg 258w, https:\/\/libras888.com\/wp-content\/uploads\/2025\/06\/YB56M_08-768x893.jpg 768w\" sizes=\"(max-width: 790px) 100vw, 790px\" \/> <img loading=\"lazy\" decoding=\"async\" class=\"alignnone size-full wp-image-1427\" src=\"https:\/\/libras888.com\/wp-content\/uploads\/2025\/06\/YB56M_09.jpg\" alt=\"\" width=\"790\" height=\"862\" srcset=\"https:\/\/libras888.com\/wp-content\/uploads\/2025\/06\/YB56M_09.jpg 790w, https:\/\/libras888.com\/wp-content\/uploads\/2025\/06\/YB56M_09-600x655.jpg 600w, https:\/\/libras888.com\/wp-content\/uploads\/2025\/06\/YB56M_09-275x300.jpg 275w, https:\/\/libras888.com\/wp-content\/uploads\/2025\/06\/YB56M_09-768x838.jpg 768w\" sizes=\"(max-width: 790px) 100vw, 790px\" \/> <img loading=\"lazy\" decoding=\"async\" class=\"alignnone size-full wp-image-1428\" src=\"https:\/\/libras888.com\/wp-content\/uploads\/2025\/06\/YB56M_10.jpg\" alt=\"\" width=\"790\" height=\"1187\" srcset=\"https:\/\/libras888.com\/wp-content\/uploads\/2025\/06\/YB56M_10.jpg 790w, https:\/\/libras888.com\/wp-content\/uploads\/2025\/06\/YB56M_10-600x902.jpg 600w, https:\/\/libras888.com\/wp-content\/uploads\/2025\/06\/YB56M_10-200x300.jpg 200w, https:\/\/libras888.com\/wp-content\/uploads\/2025\/06\/YB56M_10-682x1024.jpg 682w, https:\/\/libras888.com\/wp-content\/uploads\/2025\/06\/YB56M_10-768x1154.jpg 768w\" sizes=\"(max-width: 790px) 100vw, 790px\" \/> <img loading=\"lazy\" decoding=\"async\" class=\"alignnone size-full wp-image-1429\" src=\"https:\/\/libras888.com\/wp-content\/uploads\/2025\/06\/YB56M_11.jpg\" alt=\"\" width=\"790\" height=\"1240\" srcset=\"https:\/\/libras888.com\/wp-content\/uploads\/2025\/06\/YB56M_11.jpg 790w, https:\/\/libras888.com\/wp-content\/uploads\/2025\/06\/YB56M_11-600x942.jpg 600w, https:\/\/libras888.com\/wp-content\/uploads\/2025\/06\/YB56M_11-191x300.jpg 191w, https:\/\/libras888.com\/wp-content\/uploads\/2025\/06\/YB56M_11-652x1024.jpg 652w, https:\/\/libras888.com\/wp-content\/uploads\/2025\/06\/YB56M_11-768x1205.jpg 768w\" sizes=\"(max-width: 790px) 100vw, 790px\" \/> <img loading=\"lazy\" decoding=\"async\" class=\"alignnone size-full wp-image-1430\" src=\"https:\/\/libras888.com\/wp-content\/uploads\/2025\/06\/YB56M_12.jpg\" alt=\"\" width=\"790\" height=\"1072\" srcset=\"https:\/\/libras888.com\/wp-content\/uploads\/2025\/06\/YB56M_12.jpg 790w, https:\/\/libras888.com\/wp-content\/uploads\/2025\/06\/YB56M_12-600x814.jpg 600w, https:\/\/libras888.com\/wp-content\/uploads\/2025\/06\/YB56M_12-221x300.jpg 221w, https:\/\/libras888.com\/wp-content\/uploads\/2025\/06\/YB56M_12-755x1024.jpg 755w, https:\/\/libras888.com\/wp-content\/uploads\/2025\/06\/YB56M_12-768x1042.jpg 768w\" sizes=\"(max-width: 790px) 100vw, 790px\" \/> <img loading=\"lazy\" decoding=\"async\" class=\"alignnone size-full wp-image-1431\" src=\"https:\/\/libras888.com\/wp-content\/uploads\/2025\/06\/YB56M_13.jpg\" alt=\"\" width=\"790\" height=\"843\" srcset=\"https:\/\/libras888.com\/wp-content\/uploads\/2025\/06\/YB56M_13.jpg 790w, https:\/\/libras888.com\/wp-content\/uploads\/2025\/06\/YB56M_13-600x640.jpg 600w, https:\/\/libras888.com\/wp-content\/uploads\/2025\/06\/YB56M_13-281x300.jpg 281w, https:\/\/libras888.com\/wp-content\/uploads\/2025\/06\/YB56M_13-768x820.jpg 768w\" sizes=\"(max-width: 790px) 100vw, 790px\" \/> <img loading=\"lazy\" decoding=\"async\" class=\"alignnone size-full wp-image-1432\" src=\"https:\/\/libras888.com\/wp-content\/uploads\/2025\/06\/YB56M_14.jpg\" alt=\"\" width=\"790\" height=\"779\" srcset=\"https:\/\/libras888.com\/wp-content\/uploads\/2025\/06\/YB56M_14.jpg 790w, https:\/\/libras888.com\/wp-content\/uploads\/2025\/06\/YB56M_14-100x100.jpg 100w, https:\/\/libras888.com\/wp-content\/uploads\/2025\/06\/YB56M_14-600x592.jpg 600w, https:\/\/libras888.com\/wp-content\/uploads\/2025\/06\/YB56M_14-300x296.jpg 300w, https:\/\/libras888.com\/wp-content\/uploads\/2025\/06\/YB56M_14-768x757.jpg 768w\" sizes=\"(max-width: 790px) 100vw, 790px\" \/> <img loading=\"lazy\" decoding=\"async\" class=\"alignnone size-full wp-image-1433\" src=\"https:\/\/libras888.com\/wp-content\/uploads\/2025\/06\/YB56M_15.jpg\" alt=\"\" width=\"790\" height=\"1216\" srcset=\"https:\/\/libras888.com\/wp-content\/uploads\/2025\/06\/YB56M_15.jpg 790w, https:\/\/libras888.com\/wp-content\/uploads\/2025\/06\/YB56M_15-600x924.jpg 600w, https:\/\/libras888.com\/wp-content\/uploads\/2025\/06\/YB56M_15-195x300.jpg 195w, https:\/\/libras888.com\/wp-content\/uploads\/2025\/06\/YB56M_15-665x1024.jpg 665w, https:\/\/libras888.com\/wp-content\/uploads\/2025\/06\/YB56M_15-768x1182.jpg 768w\" sizes=\"(max-width: 790px) 100vw, 790px\" \/> <img loading=\"lazy\" decoding=\"async\" class=\"alignnone size-full wp-image-1434\" src=\"https:\/\/libras888.com\/wp-content\/uploads\/2025\/06\/YB57M.jpg\" alt=\"\" width=\"800\" height=\"800\" srcset=\"https:\/\/libras888.com\/wp-content\/uploads\/2025\/06\/YB57M.jpg 800w, https:\/\/libras888.com\/wp-content\/uploads\/2025\/06\/YB57M-300x300.jpg 300w, https:\/\/libras888.com\/wp-content\/uploads\/2025\/06\/YB57M-100x100.jpg 100w, https:\/\/libras888.com\/wp-content\/uploads\/2025\/06\/YB57M-600x600.jpg 600w, https:\/\/libras888.com\/wp-content\/uploads\/2025\/06\/YB57M-150x150.jpg 150w, https:\/\/libras888.com\/wp-content\/uploads\/2025\/06\/YB57M-768x768.jpg 768w\" sizes=\"(max-width: 800px) 100vw, 800px\" \/> <img loading=\"lazy\" decoding=\"async\" class=\"alignnone size-full wp-image-1435\" src=\"https:\/\/libras888.com\/wp-content\/uploads\/2025\/06\/YB59M.jpg\" alt=\"\" width=\"800\" height=\"800\" srcset=\"https:\/\/libras888.com\/wp-content\/uploads\/2025\/06\/YB59M.jpg 800w, https:\/\/libras888.com\/wp-content\/uploads\/2025\/06\/YB59M-300x300.jpg 300w, https:\/\/libras888.com\/wp-content\/uploads\/2025\/06\/YB59M-100x100.jpg 100w, https:\/\/libras888.com\/wp-content\/uploads\/2025\/06\/YB59M-600x600.jpg 600w, https:\/\/libras888.com\/wp-content\/uploads\/2025\/06\/YB59M-150x150.jpg 150w, https:\/\/libras888.com\/wp-content\/uploads\/2025\/06\/YB59M-768x768.jpg 768w\" sizes=\"(max-width: 800px) 100vw, 800px\" \/> <img loading=\"lazy\" decoding=\"async\" class=\"alignnone size-full wp-image-1436\" src=\"https:\/\/libras888.com\/wp-content\/uploads\/2025\/06\/YB69AM.jpg\" alt=\"\" width=\"800\" height=\"800\" srcset=\"https:\/\/libras888.com\/wp-content\/uploads\/2025\/06\/YB69AM.jpg 800w, https:\/\/libras888.com\/wp-content\/uploads\/2025\/06\/YB69AM-300x300.jpg 300w, https:\/\/libras888.com\/wp-content\/uploads\/2025\/06\/YB69AM-100x100.jpg 100w, https:\/\/libras888.com\/wp-content\/uploads\/2025\/06\/YB69AM-600x600.jpg 600w, https:\/\/libras888.com\/wp-content\/uploads\/2025\/06\/YB69AM-150x150.jpg 150w, https:\/\/libras888.com\/wp-content\/uploads\/2025\/06\/YB69AM-768x768.jpg 768w\" sizes=\"(max-width: 800px) 100vw, 800px\" \/><\/p>","protected":false},"excerpt":{"rendered":"<table style=\"border-collapse: collapse; width: 474px; height: 557px;\" border=\"0\" width=\"45\" cellspacing=\"0\" cellpadding=\"0\">\n<tbody>\n<tr style=\"height: 16.80pt;\">\n<td style=\"height: 16.80pt; width: 45.40pt;\" width=\"45\" height=\"16\">Par\u00e1metros del producto<\/td>\n<\/tr>\n<tr style=\"height: 16.80pt;\">\n<td style=\"height: 16.80pt;\" height=\"16\">Marca:Libra's union<\/td>\n<\/tr>\n<tr style=\"height: 16.80pt;\">\n<td style=\"height: 16.80pt;\" height=\"16\">N\u00ba de modelo: YB56M<\/td>\n<\/tr>\n<tr style=\"height: 16.80pt;\">\n<td style=\"height: 16.80pt;\" height=\"16\">Material principal:<\/td>\n<\/tr>\n<tr style=\"height: 16.80pt;\">\n<td style=\"height: 16.80pt;\" height=\"16\">Color: Azul<\/td>\n<\/tr>\n<tr style=\"height: 16.80pt;\">\n<td style=\"height: 16.80pt;\" height=\"16\">Tipos de material:Acero electrol\u00edtico<\/td>\n<\/tr>\n<tr style=\"height: 16.80pt;\">\n<td style=\"height: 16.80pt;\" height=\"16\">Arte:Pintura<\/td>\n<\/tr>\n<\/tbody>\n<\/table>","protected":false},"featured_media":1436,"comment_status":"open","ping_status":"closed","template":"","meta":{"site-sidebar-layout":"default","site-content-layout":"","ast-site-content-layout":"default","site-content-style":"default","site-sidebar-style":"default","ast-global-header-display":"","ast-banner-title-visibility":"","ast-main-header-display":"","ast-hfb-above-header-display":"","ast-hfb-below-header-display":"","ast-hfb-mobile-header-display":"","site-post-title":"","ast-breadcrumbs-content":"","ast-featured-img":"","footer-sml-layout":"","ast-disable-related-posts":"","theme-transparent-header-meta":"default","adv-header-id-meta":"","stick-header-meta":"","header-above-stick-meta":"","header-main-stick-meta":"","header-below-stick-meta":"","astra-migrate-meta-layouts":"set","ast-page-background-enabled":"default","ast-page-background-meta":{"desktop":{"background-color":"var(--ast-global-color-4)","background-image":"","background-repeat":"repeat","background-position":"center center","background-size":"auto","background-attachment":"scroll","background-type":"","background-media":"","overlay-type":"","overlay-color":"","overlay-opacity":"","overlay-gradient":""},"tablet":{"background-color":"","background-image":"","background-repeat":"repeat","background-position":"center center","background-size":"auto","background-attachment":"scroll","background-type":"","background-media":"","overlay-type":"","overlay-color":"","overlay-opacity":"","overlay-gradient":""},"mobile":{"background-color":"","background-image":"","background-repeat":"repeat","background-position":"center center","background-size":"auto","background-attachment":"scroll","background-type":"","background-media":"","overlay-type":"","overlay-color":"","overlay-opacity":"","overlay-gradient":""}},"ast-content-background-meta":{"desktop":{"background-color":"var(--ast-global-color-5)","background-image":"","background-repeat":"repeat","background-position":"center center","background-size":"auto","background-attachment":"scroll","background-type":"","background-media":"","overlay-type":"","overlay-color":"","overlay-opacity":"","overlay-gradient":""},"tablet":{"background-color":"var(--ast-global-color-5)","background-image":"","background-repeat":"repeat","background-position":"center center","background-size":"auto","background-attachment":"scroll","background-type":"","background-media":"","overlay-type":"","overlay-color":"","overlay-opacity":"","overlay-gradient":""},"mobile":{"background-color":"var(--ast-global-color-5)","background-image":"","background-repeat":"repeat","background-position":"center center","background-size":"auto","background-attachment":"scroll","background-type":"","background-media":"","overlay-type":"","overlay-color":"","overlay-opacity":"","overlay-gradient":""}}},"product_brand":[],"product_cat":[32],"product_tag":[],"class_list":{"0":"post-1416","1":"product","2":"type-product","3":"status-publish","4":"has-post-thumbnail","6":"product_cat-medicine-cabinet","7":"desktop-align-left","8":"tablet-align-left","9":"mobile-align-left","11":"first","12":"instock","13":"shipping-taxable","14":"product-type-simple"},"_links":{"self":[{"href":"https:\/\/libras888.com\/es\/wp-json\/wp\/v2\/product\/1416","targetHints":{"allow":["GET"]}}],"collection":[{"href":"https:\/\/libras888.com\/es\/wp-json\/wp\/v2\/product"}],"about":[{"href":"https:\/\/libras888.com\/es\/wp-json\/wp\/v2\/types\/product"}],"replies":[{"embeddable":true,"href":"https:\/\/libras888.com\/es\/wp-json\/wp\/v2\/comments?post=1416"}],"wp:featuredmedia":[{"embeddable":true,"href":"https:\/\/libras888.com\/es\/wp-json\/wp\/v2\/media\/1436"}],"wp:attachment":[{"href":"https:\/\/libras888.com\/es\/wp-json\/wp\/v2\/media?parent=1416"}],"wp:term":[{"taxonomy":"product_brand","embeddable":true,"href":"https:\/\/libras888.com\/es\/wp-json\/wp\/v2\/product_brand?post=1416"},{"taxonomy":"product_cat","embeddable":true,"href":"https:\/\/libras888.com\/es\/wp-json\/wp\/v2\/product_cat?post=1416"},{"taxonomy":"product_tag","embeddable":true,"href":"https:\/\/libras888.com\/es\/wp-json\/wp\/v2\/product_tag?post=1416"}],"curies":[{"name":"wp","href":"https:\/\/api.w.org\/{rel}","templated":true}]}}