{"id":1317,"date":"2025-06-30T05:17:21","date_gmt":"2025-06-30T05:17:21","guid":{"rendered":"https:\/\/libras888.com\/?post_type=product&#038;p=1317"},"modified":"2025-06-30T05:17:22","modified_gmt":"2025-06-30T05:17:22","slug":"hospital-health-center-clinic-medical-treatment-table-doctors-examination-table-office-medical-furniture-receptionexamination-table-8","status":"publish","type":"product","link":"https:\/\/libras888.com\/fr\/produit\/hospital-health-center-clinic-medical-treatment-table-doctors-examination-table-office-medical-furniture-receptionexamination-table-8\/","title":{"rendered":"H\u00f4pital, centre de sant\u00e9, clinique, table de traitement m\u00e9dical, table d'examen m\u00e9dical, mobilier m\u00e9dical de bureau, table d'accueil et d'examen"},"content":{"rendered":"<p><img fetchpriority=\"high\" decoding=\"async\" class=\"alignnone size-full wp-image-1318\" src=\"https:\/\/libras888.com\/wp-content\/uploads\/2025\/06\/HG001-6.jpg\" alt=\"\" width=\"800\" height=\"800\" srcset=\"https:\/\/libras888.com\/wp-content\/uploads\/2025\/06\/HG001-6.jpg 800w, https:\/\/libras888.com\/wp-content\/uploads\/2025\/06\/HG001-6-300x300.jpg 300w, https:\/\/libras888.com\/wp-content\/uploads\/2025\/06\/HG001-6-100x100.jpg 100w, https:\/\/libras888.com\/wp-content\/uploads\/2025\/06\/HG001-6-600x600.jpg 600w, https:\/\/libras888.com\/wp-content\/uploads\/2025\/06\/HG001-6-150x150.jpg 150w, https:\/\/libras888.com\/wp-content\/uploads\/2025\/06\/HG001-6-768x768.jpg 768w\" sizes=\"(max-width: 800px) 100vw, 800px\" \/> <img decoding=\"async\" class=\"alignnone size-full wp-image-1319\" src=\"https:\/\/libras888.com\/wp-content\/uploads\/2025\/06\/HG002-6.jpg\" alt=\"\" width=\"800\" height=\"800\" srcset=\"https:\/\/libras888.com\/wp-content\/uploads\/2025\/06\/HG002-6.jpg 800w, https:\/\/libras888.com\/wp-content\/uploads\/2025\/06\/HG002-6-300x300.jpg 300w, https:\/\/libras888.com\/wp-content\/uploads\/2025\/06\/HG002-6-100x100.jpg 100w, https:\/\/libras888.com\/wp-content\/uploads\/2025\/06\/HG002-6-600x600.jpg 600w, https:\/\/libras888.com\/wp-content\/uploads\/2025\/06\/HG002-6-150x150.jpg 150w, https:\/\/libras888.com\/wp-content\/uploads\/2025\/06\/HG002-6-768x768.jpg 768w\" sizes=\"(max-width: 800px) 100vw, 800px\" \/> <img decoding=\"async\" class=\"alignnone size-full wp-image-1320\" src=\"https:\/\/libras888.com\/wp-content\/uploads\/2025\/06\/HG003-5.jpg\" alt=\"\" width=\"800\" height=\"800\" srcset=\"https:\/\/libras888.com\/wp-content\/uploads\/2025\/06\/HG003-5.jpg 800w, https:\/\/libras888.com\/wp-content\/uploads\/2025\/06\/HG003-5-300x300.jpg 300w, https:\/\/libras888.com\/wp-content\/uploads\/2025\/06\/HG003-5-100x100.jpg 100w, https:\/\/libras888.com\/wp-content\/uploads\/2025\/06\/HG003-5-600x600.jpg 600w, https:\/\/libras888.com\/wp-content\/uploads\/2025\/06\/HG003-5-150x150.jpg 150w, https:\/\/libras888.com\/wp-content\/uploads\/2025\/06\/HG003-5-768x768.jpg 768w\" sizes=\"(max-width: 800px) 100vw, 800px\" \/> <img loading=\"lazy\" decoding=\"async\" class=\"alignnone size-full wp-image-1321\" src=\"https:\/\/libras888.com\/wp-content\/uploads\/2025\/06\/HG004-5.jpg\" alt=\"\" width=\"800\" height=\"800\" srcset=\"https:\/\/libras888.com\/wp-content\/uploads\/2025\/06\/HG004-5.jpg 800w, https:\/\/libras888.com\/wp-content\/uploads\/2025\/06\/HG004-5-300x300.jpg 300w, https:\/\/libras888.com\/wp-content\/uploads\/2025\/06\/HG004-5-100x100.jpg 100w, https:\/\/libras888.com\/wp-content\/uploads\/2025\/06\/HG004-5-600x600.jpg 600w, https:\/\/libras888.com\/wp-content\/uploads\/2025\/06\/HG004-5-150x150.jpg 150w, https:\/\/libras888.com\/wp-content\/uploads\/2025\/06\/HG004-5-768x768.jpg 768w\" sizes=\"(max-width: 800px) 100vw, 800px\" \/> <img loading=\"lazy\" decoding=\"async\" class=\"alignnone size-full wp-image-1322\" src=\"https:\/\/libras888.com\/wp-content\/uploads\/2025\/06\/HG005-6.jpg\" alt=\"\" width=\"800\" height=\"800\" srcset=\"https:\/\/libras888.com\/wp-content\/uploads\/2025\/06\/HG005-6.jpg 800w, https:\/\/libras888.com\/wp-content\/uploads\/2025\/06\/HG005-6-300x300.jpg 300w, https:\/\/libras888.com\/wp-content\/uploads\/2025\/06\/HG005-6-100x100.jpg 100w, https:\/\/libras888.com\/wp-content\/uploads\/2025\/06\/HG005-6-600x600.jpg 600w, https:\/\/libras888.com\/wp-content\/uploads\/2025\/06\/HG005-6-150x150.jpg 150w, https:\/\/libras888.com\/wp-content\/uploads\/2025\/06\/HG005-6-768x768.jpg 768w\" sizes=\"(max-width: 800px) 100vw, 800px\" \/> <img loading=\"lazy\" decoding=\"async\" class=\"alignnone size-full wp-image-1323\" src=\"https:\/\/libras888.com\/wp-content\/uploads\/2025\/06\/HG006-5.jpg\" alt=\"\" width=\"800\" height=\"800\" srcset=\"https:\/\/libras888.com\/wp-content\/uploads\/2025\/06\/HG006-5.jpg 800w, https:\/\/libras888.com\/wp-content\/uploads\/2025\/06\/HG006-5-300x300.jpg 300w, https:\/\/libras888.com\/wp-content\/uploads\/2025\/06\/HG006-5-100x100.jpg 100w, https:\/\/libras888.com\/wp-content\/uploads\/2025\/06\/HG006-5-600x600.jpg 600w, https:\/\/libras888.com\/wp-content\/uploads\/2025\/06\/HG006-5-150x150.jpg 150w, https:\/\/libras888.com\/wp-content\/uploads\/2025\/06\/HG006-5-768x768.jpg 768w\" sizes=\"(max-width: 800px) 100vw, 800px\" \/> <img loading=\"lazy\" decoding=\"async\" class=\"alignnone size-full wp-image-1324\" src=\"https:\/\/libras888.com\/wp-content\/uploads\/2025\/06\/YB77_04.jpg\" alt=\"\" width=\"790\" height=\"980\" srcset=\"https:\/\/libras888.com\/wp-content\/uploads\/2025\/06\/YB77_04.jpg 790w, https:\/\/libras888.com\/wp-content\/uploads\/2025\/06\/YB77_04-600x744.jpg 600w, https:\/\/libras888.com\/wp-content\/uploads\/2025\/06\/YB77_04-242x300.jpg 242w, https:\/\/libras888.com\/wp-content\/uploads\/2025\/06\/YB77_04-768x953.jpg 768w\" sizes=\"(max-width: 790px) 100vw, 790px\" \/> <img loading=\"lazy\" decoding=\"async\" class=\"alignnone size-full wp-image-1325\" src=\"https:\/\/libras888.com\/wp-content\/uploads\/2025\/06\/YB77_05.jpg\" alt=\"\" width=\"790\" height=\"1082\" srcset=\"https:\/\/libras888.com\/wp-content\/uploads\/2025\/06\/YB77_05.jpg 790w, https:\/\/libras888.com\/wp-content\/uploads\/2025\/06\/YB77_05-600x822.jpg 600w, https:\/\/libras888.com\/wp-content\/uploads\/2025\/06\/YB77_05-219x300.jpg 219w, https:\/\/libras888.com\/wp-content\/uploads\/2025\/06\/YB77_05-748x1024.jpg 748w, https:\/\/libras888.com\/wp-content\/uploads\/2025\/06\/YB77_05-768x1052.jpg 768w\" sizes=\"(max-width: 790px) 100vw, 790px\" \/> <img loading=\"lazy\" decoding=\"async\" class=\"alignnone size-full wp-image-1326\" src=\"https:\/\/libras888.com\/wp-content\/uploads\/2025\/06\/YB77_06.jpg\" alt=\"\" width=\"790\" height=\"1076\" srcset=\"https:\/\/libras888.com\/wp-content\/uploads\/2025\/06\/YB77_06.jpg 790w, https:\/\/libras888.com\/wp-content\/uploads\/2025\/06\/YB77_06-600x817.jpg 600w, https:\/\/libras888.com\/wp-content\/uploads\/2025\/06\/YB77_06-220x300.jpg 220w, https:\/\/libras888.com\/wp-content\/uploads\/2025\/06\/YB77_06-752x1024.jpg 752w, https:\/\/libras888.com\/wp-content\/uploads\/2025\/06\/YB77_06-768x1046.jpg 768w\" sizes=\"(max-width: 790px) 100vw, 790px\" \/> <img loading=\"lazy\" decoding=\"async\" class=\"alignnone size-full wp-image-1327\" src=\"https:\/\/libras888.com\/wp-content\/uploads\/2025\/06\/YB77_08.jpg\" alt=\"\" width=\"790\" height=\"998\" srcset=\"https:\/\/libras888.com\/wp-content\/uploads\/2025\/06\/YB77_08.jpg 790w, https:\/\/libras888.com\/wp-content\/uploads\/2025\/06\/YB77_08-600x758.jpg 600w, https:\/\/libras888.com\/wp-content\/uploads\/2025\/06\/YB77_08-237x300.jpg 237w, https:\/\/libras888.com\/wp-content\/uploads\/2025\/06\/YB77_08-768x970.jpg 768w\" sizes=\"(max-width: 790px) 100vw, 790px\" \/> <img loading=\"lazy\" decoding=\"async\" class=\"alignnone size-full wp-image-1328\" src=\"https:\/\/libras888.com\/wp-content\/uploads\/2025\/06\/YB77_09.jpg\" alt=\"\" width=\"790\" height=\"756\" srcset=\"https:\/\/libras888.com\/wp-content\/uploads\/2025\/06\/YB77_09.jpg 790w, https:\/\/libras888.com\/wp-content\/uploads\/2025\/06\/YB77_09-600x574.jpg 600w, https:\/\/libras888.com\/wp-content\/uploads\/2025\/06\/YB77_09-300x287.jpg 300w, https:\/\/libras888.com\/wp-content\/uploads\/2025\/06\/YB77_09-768x735.jpg 768w\" sizes=\"(max-width: 790px) 100vw, 790px\" \/> <img loading=\"lazy\" decoding=\"async\" class=\"alignnone size-full wp-image-1329\" src=\"https:\/\/libras888.com\/wp-content\/uploads\/2025\/06\/YB77_10.jpg\" alt=\"\" width=\"790\" height=\"1337\" srcset=\"https:\/\/libras888.com\/wp-content\/uploads\/2025\/06\/YB77_10.jpg 790w, https:\/\/libras888.com\/wp-content\/uploads\/2025\/06\/YB77_10-600x1015.jpg 600w, https:\/\/libras888.com\/wp-content\/uploads\/2025\/06\/YB77_10-177x300.jpg 177w, https:\/\/libras888.com\/wp-content\/uploads\/2025\/06\/YB77_10-605x1024.jpg 605w, https:\/\/libras888.com\/wp-content\/uploads\/2025\/06\/YB77_10-768x1300.jpg 768w\" sizes=\"(max-width: 790px) 100vw, 790px\" \/> <img loading=\"lazy\" decoding=\"async\" class=\"alignnone size-full wp-image-1331\" src=\"https:\/\/libras888.com\/wp-content\/uploads\/2025\/06\/YB77.jpg\" alt=\"\" width=\"800\" height=\"800\" srcset=\"https:\/\/libras888.com\/wp-content\/uploads\/2025\/06\/YB77.jpg 800w, https:\/\/libras888.com\/wp-content\/uploads\/2025\/06\/YB77-300x300.jpg 300w, https:\/\/libras888.com\/wp-content\/uploads\/2025\/06\/YB77-100x100.jpg 100w, https:\/\/libras888.com\/wp-content\/uploads\/2025\/06\/YB77-600x600.jpg 600w, https:\/\/libras888.com\/wp-content\/uploads\/2025\/06\/YB77-150x150.jpg 150w, https:\/\/libras888.com\/wp-content\/uploads\/2025\/06\/YB77-768x768.jpg 768w\" sizes=\"(max-width: 800px) 100vw, 800px\" \/> <img loading=\"lazy\" decoding=\"async\" class=\"alignnone size-full wp-image-1330\" src=\"https:\/\/libras888.com\/wp-content\/uploads\/2025\/06\/YB77_11.jpg\" alt=\"\" width=\"790\" height=\"1230\" srcset=\"https:\/\/libras888.com\/wp-content\/uploads\/2025\/06\/YB77_11.jpg 790w, https:\/\/libras888.com\/wp-content\/uploads\/2025\/06\/YB77_11-600x934.jpg 600w, https:\/\/libras888.com\/wp-content\/uploads\/2025\/06\/YB77_11-193x300.jpg 193w, https:\/\/libras888.com\/wp-content\/uploads\/2025\/06\/YB77_11-658x1024.jpg 658w, https:\/\/libras888.com\/wp-content\/uploads\/2025\/06\/YB77_11-768x1196.jpg 768w\" sizes=\"(max-width: 790px) 100vw, 790px\" \/> <img loading=\"lazy\" decoding=\"async\" class=\"alignnone size-full wp-image-1332\" src=\"https:\/\/libras888.com\/wp-content\/uploads\/2025\/06\/YB77M.jpg\" alt=\"\" width=\"800\" height=\"800\" srcset=\"https:\/\/libras888.com\/wp-content\/uploads\/2025\/06\/YB77M.jpg 800w, https:\/\/libras888.com\/wp-content\/uploads\/2025\/06\/YB77M-300x300.jpg 300w, https:\/\/libras888.com\/wp-content\/uploads\/2025\/06\/YB77M-100x100.jpg 100w, https:\/\/libras888.com\/wp-content\/uploads\/2025\/06\/YB77M-600x600.jpg 600w, https:\/\/libras888.com\/wp-content\/uploads\/2025\/06\/YB77M-150x150.jpg 150w, https:\/\/libras888.com\/wp-content\/uploads\/2025\/06\/YB77M-768x768.jpg 768w\" sizes=\"(max-width: 800px) 100vw, 800px\" \/><\/p>","protected":false},"excerpt":{"rendered":"<table style=\"border-collapse: collapse; width: 587px; height: 820px;\" border=\"0\" width=\"45\" cellspacing=\"0\" cellpadding=\"0\">\n<tbody>\n<tr style=\"height: 16.80pt;\">\n<td style=\"height: 16.80pt; width: 45.40pt;\" width=\"45\" height=\"16\">Param\u00e8tres du produit<\/td>\n<\/tr>\n<tr style=\"height: 16.80pt;\">\n<td style=\"height: 16.80pt;\" height=\"16\">Nom de la marque:Libra's union<\/td>\n<\/tr>\n<tr style=\"height: 17.00pt;\">\n<td style=\"height: 17.00pt;\" height=\"17\"><span class=\"font0\">Model no.:<\/span><span class=\"font1\">YB77<\/span><\/td>\n<\/tr>\n<tr style=\"height: 16.80pt;\">\n<td style=\"height: 16.80pt;\" height=\"16\">Main Material:Artificial panels<\/td>\n<\/tr>\n<tr style=\"height: 16.80pt;\">\n<td style=\"height: 16.80pt;\" height=\"16\">Color: Blue,Wood Grain<\/td>\n<\/tr>\n<tr style=\"height: 16.80pt;\">\n<td style=\"height: 16.80pt;\" height=\"16\">Material Types:Sliceboard \/ Melamine Board<\/td>\n<\/tr>\n<tr style=\"height: 17.00pt;\">\n<td style=\"height: 17.00pt;\" height=\"17\"><span class=\"font0\">Shape:<\/span><span class=\"font1\">Square<\/span><\/td>\n<\/tr>\n<tr style=\"height: 16.80pt;\">\n<td style=\"height: 16.80pt;\" height=\"16\">Style:Minimalism<\/td>\n<\/tr>\n<tr style=\"height: 16.80pt;\">\n<td style=\"height: 16.80pt;\" height=\"16\">Origin of Production:Chinese Mainland<\/td>\n<\/tr>\n<tr style=\"height: 16.80pt;\">\n<td style=\"height: 16.80pt;\" height=\"16\">Environmental rating: Class E1<\/td>\n<\/tr>\n<\/tbody>\n<\/table>","protected":false},"featured_media":1319,"comment_status":"open","ping_status":"closed","template":"","meta":{"site-sidebar-layout":"default","site-content-layout":"","ast-site-content-layout":"default","site-content-style":"default","site-sidebar-style":"default","ast-global-header-display":"","ast-banner-title-visibility":"","ast-main-header-display":"","ast-hfb-above-header-display":"","ast-hfb-below-header-display":"","ast-hfb-mobile-header-display":"","site-post-title":"","ast-breadcrumbs-content":"","ast-featured-img":"","footer-sml-layout":"","ast-disable-related-posts":"","theme-transparent-header-meta":"default","adv-header-id-meta":"","stick-header-meta":"","header-above-stick-meta":"","header-main-stick-meta":"","header-below-stick-meta":"","astra-migrate-meta-layouts":"set","ast-page-background-enabled":"default","ast-page-background-meta":{"desktop":{"background-color":"var(--ast-global-color-4)","background-image":"","background-repeat":"repeat","background-position":"center center","background-size":"auto","background-attachment":"scroll","background-type":"","background-media":"","overlay-type":"","overlay-color":"","overlay-opacity":"","overlay-gradient":""},"tablet":{"background-color":"","background-image":"","background-repeat":"repeat","background-position":"center center","background-size":"auto","background-attachment":"scroll","background-type":"","background-media":"","overlay-type":"","overlay-color":"","overlay-opacity":"","overlay-gradient":""},"mobile":{"background-color":"","background-image":"","background-repeat":"repeat","background-position":"center center","background-size":"auto","background-attachment":"scroll","background-type":"","background-media":"","overlay-type":"","overlay-color":"","overlay-opacity":"","overlay-gradient":""}},"ast-content-background-meta":{"desktop":{"background-color":"var(--ast-global-color-5)","background-image":"","background-repeat":"repeat","background-position":"center center","background-size":"auto","background-attachment":"scroll","background-type":"","background-media":"","overlay-type":"","overlay-color":"","overlay-opacity":"","overlay-gradient":""},"tablet":{"background-color":"var(--ast-global-color-5)","background-image":"","background-repeat":"repeat","background-position":"center center","background-size":"auto","background-attachment":"scroll","background-type":"","background-media":"","overlay-type":"","overlay-color":"","overlay-opacity":"","overlay-gradient":""},"mobile":{"background-color":"var(--ast-global-color-5)","background-image":"","background-repeat":"repeat","background-position":"center center","background-size":"auto","background-attachment":"scroll","background-type":"","background-media":"","overlay-type":"","overlay-color":"","overlay-opacity":"","overlay-gradient":""}}},"product_brand":[],"product_cat":[31],"product_tag":[],"class_list":{"0":"post-1317","1":"product","2":"type-product","3":"status-publish","4":"has-post-thumbnail","6":"product_cat-medical-table","7":"desktop-align-left","8":"tablet-align-left","9":"mobile-align-left","11":"first","12":"instock","13":"shipping-taxable","14":"product-type-simple"},"_links":{"self":[{"href":"https:\/\/libras888.com\/fr\/wp-json\/wp\/v2\/product\/1317","targetHints":{"allow":["GET"]}}],"collection":[{"href":"https:\/\/libras888.com\/fr\/wp-json\/wp\/v2\/product"}],"about":[{"href":"https:\/\/libras888.com\/fr\/wp-json\/wp\/v2\/types\/product"}],"replies":[{"embeddable":true,"href":"https:\/\/libras888.com\/fr\/wp-json\/wp\/v2\/comments?post=1317"}],"wp:featuredmedia":[{"embeddable":true,"href":"https:\/\/libras888.com\/fr\/wp-json\/wp\/v2\/media\/1319"}],"wp:attachment":[{"href":"https:\/\/libras888.com\/fr\/wp-json\/wp\/v2\/media?parent=1317"}],"wp:term":[{"taxonomy":"product_brand","embeddable":true,"href":"https:\/\/libras888.com\/fr\/wp-json\/wp\/v2\/product_brand?post=1317"},{"taxonomy":"product_cat","embeddable":true,"href":"https:\/\/libras888.com\/fr\/wp-json\/wp\/v2\/product_cat?post=1317"},{"taxonomy":"product_tag","embeddable":true,"href":"https:\/\/libras888.com\/fr\/wp-json\/wp\/v2\/product_tag?post=1317"}],"curies":[{"name":"wp","href":"https:\/\/api.w.org\/{rel}","templated":true}]}}