{"id":289,"date":"2025-06-30T02:39:06","date_gmt":"2025-06-30T02:39:06","guid":{"rendered":"https:\/\/libras888.com\/about\/"},"modified":"2025-07-02T12:34:39","modified_gmt":"2025-07-02T12:34:39","slug":"about","status":"publish","type":"page","link":"https:\/\/libras888.com\/pt\/about\/","title":{"rendered":"Sobre"},"content":{"rendered":"<div data-elementor-type=\"wp-page\" data-elementor-id=\"289\" class=\"elementor elementor-289\" data-elementor-post-type=\"page\">\n\t\t\t\t<div class=\"elementor-element elementor-element-f95942d e-con-full e-flex e-con e-parent\" data-id=\"f95942d\" data-element_type=\"container\" data-e-type=\"container\">\n\t\t\t\t<div class=\"elementor-element elementor-element-b06e491 elementor-widget elementor-widget-heading\" data-id=\"b06e491\" data-element_type=\"widget\" data-e-type=\"widget\" data-widget_type=\"heading.default\">\n\t\t\t\t<div class=\"elementor-widget-container\">\n\t\t\t\t\t<h1 class=\"elementor-heading-title elementor-size-default\">Sobre<\/h1>\t\t\t\t<\/div>\n\t\t\t\t<\/div>\n\t\t\t\t<\/div>\n\t\t<div class=\"elementor-element elementor-element-43d175a e-con-full e-flex e-con e-parent\" data-id=\"43d175a\" data-element_type=\"container\" data-e-type=\"container\">\n\t\t<div class=\"elementor-element elementor-element-5368e59 e-con-full e-flex e-con e-child\" data-id=\"5368e59\" data-element_type=\"container\" data-e-type=\"container\">\n\t\t\t\t<div class=\"elementor-element elementor-element-096f8ab elementor-widget elementor-widget-image-box\" data-id=\"096f8ab\" data-element_type=\"widget\" data-e-type=\"widget\" data-widget_type=\"image-box.default\">\n\t\t\t\t<div class=\"elementor-widget-container\">\n\t\t\t\t\t<div class=\"elementor-image-box-wrapper\"><div class=\"elementor-image-box-content\"><h5 class=\"elementor-image-box-title\">Bem-vindo \u00e0 Furniture Haven, onde acreditamos que a sua casa \u00e9 mais do que apenas um lugar...<\/h5><p class=\"elementor-image-box-description\">\u00c9 um santu\u00e1rio, uma tela de pintura e um reflexo do seu estilo e personalidade \u00fanicos. O nosso percurso come\u00e7ou com uma ideia simples mas profunda - oferecer uma gama diversificada de mobili\u00e1rio de alta qualidade que satisfa\u00e7a os diversos gostos e necessidades dos nossos clientes.\n\nNa Furniture Haven, estamos empenhados em fornecer mais do que apenas produtos. Estamos empenhados em enriquecer a sua vida em casa, quer esteja a redecorar, a mudar-se para um novo espa\u00e7o ou simplesmente a procurar renovar o seu ambiente. Connosco, n\u00e3o est\u00e1 apenas a comprar mobili\u00e1rio; est\u00e1 a investir no conforto, estilo e ambiente da sua casa.<\/p><\/div><\/div>\t\t\t\t<\/div>\n\t\t\t\t<\/div>\n\t\t\t\t<\/div>\n\t\t<div class=\"elementor-element elementor-element-4d20b8b e-con-full e-flex e-con e-child\" data-id=\"4d20b8b\" data-element_type=\"container\" data-e-type=\"container\" data-settings=\"{&quot;background_background&quot;:&quot;classic&quot;}\">\n\t\t\t\t<\/div>\n\t\t\t\t<\/div>\n\t\t\t\t<\/div>","protected":false},"excerpt":{"rendered":"<p>About Welcome to Furniture Haven, where we believe that your home is more than just a place&#8230; It&#8217;s a sanctuary, a canvas, and a reflection of your unique style and personality. Our journey began with a simple yet profound idea \u2013 to offer a diverse range of high-quality furniture that caters to the diverse tastes [&hellip;]<\/p>","protected":false},"author":1,"featured_media":0,"parent":0,"menu_order":0,"comment_status":"closed","ping_status":"closed","template":"","meta":{"site-sidebar-layout":"no-sidebar","site-content-layout":"","ast-site-content-layout":"full-width-container","site-content-style":"default","site-sidebar-style":"default","ast-global-header-display":"","ast-banner-title-visibility":"","ast-main-header-display":"","ast-hfb-above-header-display":"","ast-hfb-below-header-display":"","ast-hfb-mobile-header-display":"","site-post-title":"disabled","ast-breadcrumbs-content":"","ast-featured-img":"","footer-sml-layout":"","ast-disable-related-posts":"","theme-transparent-header-meta":"","adv-header-id-meta":"","stick-header-meta":"","header-above-stick-meta":"","header-main-stick-meta":"","header-below-stick-meta":"","astra-migrate-meta-layouts":"default","ast-page-background-enabled":"default","ast-page-background-meta":{"desktop":{"background-color":"var(--ast-global-color-4)","background-image":"","background-repeat":"repeat","background-position":"center center","background-size":"auto","background-attachment":"scroll","background-type":"","background-media":"","overlay-type":"","overlay-color":"","overlay-opacity":"","overlay-gradient":""},"tablet":{"background-color":"","background-image":"","background-repeat":"repeat","background-position":"center center","background-size":"auto","background-attachment":"scroll","background-type":"","background-media":"","overlay-type":"","overlay-color":"","overlay-opacity":"","overlay-gradient":""},"mobile":{"background-color":"","background-image":"","background-repeat":"repeat","background-position":"center center","background-size":"auto","background-attachment":"scroll","background-type":"","background-media":"","overlay-type":"","overlay-color":"","overlay-opacity":"","overlay-gradient":""}},"ast-content-background-meta":{"desktop":{"background-color":"var(--ast-global-color-5)","background-image":"","background-repeat":"repeat","background-position":"center center","background-size":"auto","background-attachment":"scroll","background-type":"","background-media":"","overlay-type":"","overlay-color":"","overlay-opacity":"","overlay-gradient":""},"tablet":{"background-color":"var(--ast-global-color-5)","background-image":"","background-repeat":"repeat","background-position":"center center","background-size":"auto","background-attachment":"scroll","background-type":"","background-media":"","overlay-type":"","overlay-color":"","overlay-opacity":"","overlay-gradient":""},"mobile":{"background-color":"var(--ast-global-color-5)","background-image":"","background-repeat":"repeat","background-position":"center center","background-size":"auto","background-attachment":"scroll","background-type":"","background-media":"","overlay-type":"","overlay-color":"","overlay-opacity":"","overlay-gradient":""}},"footnotes":""},"class_list":["post-289","page","type-page","status-publish","hentry"],"_links":{"self":[{"href":"https:\/\/libras888.com\/pt\/wp-json\/wp\/v2\/pages\/289","targetHints":{"allow":["GET"]}}],"collection":[{"href":"https:\/\/libras888.com\/pt\/wp-json\/wp\/v2\/pages"}],"about":[{"href":"https:\/\/libras888.com\/pt\/wp-json\/wp\/v2\/types\/page"}],"author":[{"embeddable":true,"href":"https:\/\/libras888.com\/pt\/wp-json\/wp\/v2\/users\/1"}],"replies":[{"embeddable":true,"href":"https:\/\/libras888.com\/pt\/wp-json\/wp\/v2\/comments?post=289"}],"version-history":[{"count":3,"href":"https:\/\/libras888.com\/pt\/wp-json\/wp\/v2\/pages\/289\/revisions"}],"predecessor-version":[{"id":1522,"href":"https:\/\/libras888.com\/pt\/wp-json\/wp\/v2\/pages\/289\/revisions\/1522"}],"wp:attachment":[{"href":"https:\/\/libras888.com\/pt\/wp-json\/wp\/v2\/media?parent=289"}],"curies":[{"name":"wp","href":"https:\/\/api.w.org\/{rel}","templated":true}]}}