{"id":1239,"date":"2025-06-30T04:04:34","date_gmt":"2025-06-30T04:04:34","guid":{"rendered":"https:\/\/libras888.com\/?post_type=product&#038;p=1239"},"modified":"2025-06-30T04:04:34","modified_gmt":"2025-06-30T04:04:34","slug":"hospital-health-center-clinic-medical-treatment-table-doctors-examination-table-office-medical-furniture-receptionexamination-table-2","status":"publish","type":"product","link":"https:\/\/libras888.com\/pt\/produto\/hospital-health-center-clinic-medical-treatment-table-doctors-examination-table-office-medical-furniture-receptionexamination-table-2\/","title":{"rendered":"Hospital, centro de sa\u00fade, cl\u00ednica, mesa de tratamento m\u00e9dico, mesa de exame m\u00e9dico, mobili\u00e1rio m\u00e9dico de escrit\u00f3rio, mesa de rece\u00e7\u00e3o e de exame"},"content":{"rendered":"<p><img fetchpriority=\"high\" decoding=\"async\" class=\"alignnone size-full wp-image-1240\" src=\"https:\/\/libras888.com\/wp-content\/uploads\/2025\/06\/HG-004.jpg\" alt=\"\" width=\"800\" height=\"800\" srcset=\"https:\/\/libras888.com\/wp-content\/uploads\/2025\/06\/HG-004.jpg 800w, https:\/\/libras888.com\/wp-content\/uploads\/2025\/06\/HG-004-300x300.jpg 300w, https:\/\/libras888.com\/wp-content\/uploads\/2025\/06\/HG-004-100x100.jpg 100w, https:\/\/libras888.com\/wp-content\/uploads\/2025\/06\/HG-004-600x600.jpg 600w, https:\/\/libras888.com\/wp-content\/uploads\/2025\/06\/HG-004-150x150.jpg 150w, https:\/\/libras888.com\/wp-content\/uploads\/2025\/06\/HG-004-768x768.jpg 768w\" sizes=\"(max-width: 800px) 100vw, 800px\" \/> <img decoding=\"async\" class=\"alignnone size-full wp-image-1241\" src=\"https:\/\/libras888.com\/wp-content\/uploads\/2025\/06\/YB01G_04.jpg\" alt=\"\" width=\"790\" height=\"1058\" srcset=\"https:\/\/libras888.com\/wp-content\/uploads\/2025\/06\/YB01G_04.jpg 790w, https:\/\/libras888.com\/wp-content\/uploads\/2025\/06\/YB01G_04-600x804.jpg 600w, https:\/\/libras888.com\/wp-content\/uploads\/2025\/06\/YB01G_04-224x300.jpg 224w, https:\/\/libras888.com\/wp-content\/uploads\/2025\/06\/YB01G_04-765x1024.jpg 765w, https:\/\/libras888.com\/wp-content\/uploads\/2025\/06\/YB01G_04-768x1029.jpg 768w\" sizes=\"(max-width: 790px) 100vw, 790px\" \/> <img decoding=\"async\" class=\"alignnone size-full wp-image-1242\" src=\"https:\/\/libras888.com\/wp-content\/uploads\/2025\/06\/YB01G_05.jpg\" alt=\"\" width=\"790\" height=\"1061\" srcset=\"https:\/\/libras888.com\/wp-content\/uploads\/2025\/06\/YB01G_05.jpg 790w, https:\/\/libras888.com\/wp-content\/uploads\/2025\/06\/YB01G_05-600x806.jpg 600w, https:\/\/libras888.com\/wp-content\/uploads\/2025\/06\/YB01G_05-223x300.jpg 223w, https:\/\/libras888.com\/wp-content\/uploads\/2025\/06\/YB01G_05-762x1024.jpg 762w, https:\/\/libras888.com\/wp-content\/uploads\/2025\/06\/YB01G_05-768x1031.jpg 768w\" sizes=\"(max-width: 790px) 100vw, 790px\" \/> <img loading=\"lazy\" decoding=\"async\" class=\"alignnone size-full wp-image-1243\" src=\"https:\/\/libras888.com\/wp-content\/uploads\/2025\/06\/YB01G_06.jpg\" alt=\"\" width=\"790\" height=\"1021\" srcset=\"https:\/\/libras888.com\/wp-content\/uploads\/2025\/06\/YB01G_06.jpg 790w, https:\/\/libras888.com\/wp-content\/uploads\/2025\/06\/YB01G_06-600x775.jpg 600w, https:\/\/libras888.com\/wp-content\/uploads\/2025\/06\/YB01G_06-232x300.jpg 232w, https:\/\/libras888.com\/wp-content\/uploads\/2025\/06\/YB01G_06-768x993.jpg 768w\" sizes=\"(max-width: 790px) 100vw, 790px\" \/> <img loading=\"lazy\" decoding=\"async\" class=\"alignnone size-full wp-image-1244\" src=\"https:\/\/libras888.com\/wp-content\/uploads\/2025\/06\/YB01G_07.jpg\" alt=\"\" width=\"790\" height=\"1000\" srcset=\"https:\/\/libras888.com\/wp-content\/uploads\/2025\/06\/YB01G_07.jpg 790w, https:\/\/libras888.com\/wp-content\/uploads\/2025\/06\/YB01G_07-600x759.jpg 600w, https:\/\/libras888.com\/wp-content\/uploads\/2025\/06\/YB01G_07-237x300.jpg 237w, https:\/\/libras888.com\/wp-content\/uploads\/2025\/06\/YB01G_07-768x972.jpg 768w\" sizes=\"(max-width: 790px) 100vw, 790px\" \/> <img loading=\"lazy\" decoding=\"async\" class=\"alignnone size-full wp-image-1245\" src=\"https:\/\/libras888.com\/wp-content\/uploads\/2025\/06\/YB01G_15.jpg\" alt=\"\" width=\"790\" height=\"784\" srcset=\"https:\/\/libras888.com\/wp-content\/uploads\/2025\/06\/YB01G_15.jpg 790w, https:\/\/libras888.com\/wp-content\/uploads\/2025\/06\/YB01G_15-100x100.jpg 100w, https:\/\/libras888.com\/wp-content\/uploads\/2025\/06\/YB01G_15-600x595.jpg 600w, https:\/\/libras888.com\/wp-content\/uploads\/2025\/06\/YB01G_15-300x298.jpg 300w, https:\/\/libras888.com\/wp-content\/uploads\/2025\/06\/YB01G_15-150x150.jpg 150w, https:\/\/libras888.com\/wp-content\/uploads\/2025\/06\/YB01G_15-768x762.jpg 768w\" sizes=\"(max-width: 790px) 100vw, 790px\" \/> <img loading=\"lazy\" decoding=\"async\" class=\"alignnone size-full wp-image-1246\" src=\"https:\/\/libras888.com\/wp-content\/uploads\/2025\/06\/YB01G_19.jpg\" alt=\"\" width=\"790\" height=\"1077\" srcset=\"https:\/\/libras888.com\/wp-content\/uploads\/2025\/06\/YB01G_19.jpg 790w, https:\/\/libras888.com\/wp-content\/uploads\/2025\/06\/YB01G_19-600x818.jpg 600w, https:\/\/libras888.com\/wp-content\/uploads\/2025\/06\/YB01G_19-220x300.jpg 220w, https:\/\/libras888.com\/wp-content\/uploads\/2025\/06\/YB01G_19-751x1024.jpg 751w, https:\/\/libras888.com\/wp-content\/uploads\/2025\/06\/YB01G_19-768x1047.jpg 768w\" sizes=\"(max-width: 790px) 100vw, 790px\" \/> <img loading=\"lazy\" decoding=\"async\" class=\"alignnone size-full wp-image-1247\" src=\"https:\/\/libras888.com\/wp-content\/uploads\/2025\/06\/YB02AG.jpg\" alt=\"\" width=\"800\" height=\"800\" srcset=\"https:\/\/libras888.com\/wp-content\/uploads\/2025\/06\/YB02AG.jpg 800w, https:\/\/libras888.com\/wp-content\/uploads\/2025\/06\/YB02AG-300x300.jpg 300w, https:\/\/libras888.com\/wp-content\/uploads\/2025\/06\/YB02AG-100x100.jpg 100w, https:\/\/libras888.com\/wp-content\/uploads\/2025\/06\/YB02AG-600x600.jpg 600w, https:\/\/libras888.com\/wp-content\/uploads\/2025\/06\/YB02AG-150x150.jpg 150w, https:\/\/libras888.com\/wp-content\/uploads\/2025\/06\/YB02AG-768x768.jpg 768w\" sizes=\"(max-width: 800px) 100vw, 800px\" \/> <img loading=\"lazy\" decoding=\"async\" class=\"alignnone size-full wp-image-1248\" src=\"https:\/\/libras888.com\/wp-content\/uploads\/2025\/06\/YB02C.jpg\" alt=\"\" width=\"800\" height=\"800\" srcset=\"https:\/\/libras888.com\/wp-content\/uploads\/2025\/06\/YB02C.jpg 800w, https:\/\/libras888.com\/wp-content\/uploads\/2025\/06\/YB02C-300x300.jpg 300w, https:\/\/libras888.com\/wp-content\/uploads\/2025\/06\/YB02C-100x100.jpg 100w, https:\/\/libras888.com\/wp-content\/uploads\/2025\/06\/YB02C-600x600.jpg 600w, https:\/\/libras888.com\/wp-content\/uploads\/2025\/06\/YB02C-150x150.jpg 150w, https:\/\/libras888.com\/wp-content\/uploads\/2025\/06\/YB02C-768x768.jpg 768w\" sizes=\"(max-width: 800px) 100vw, 800px\" \/> <img loading=\"lazy\" decoding=\"async\" class=\"alignnone size-full wp-image-1249\" src=\"https:\/\/libras888.com\/wp-content\/uploads\/2025\/06\/YB02CG.jpg\" alt=\"\" width=\"800\" height=\"800\" srcset=\"https:\/\/libras888.com\/wp-content\/uploads\/2025\/06\/YB02CG.jpg 800w, https:\/\/libras888.com\/wp-content\/uploads\/2025\/06\/YB02CG-300x300.jpg 300w, https:\/\/libras888.com\/wp-content\/uploads\/2025\/06\/YB02CG-100x100.jpg 100w, https:\/\/libras888.com\/wp-content\/uploads\/2025\/06\/YB02CG-600x600.jpg 600w, https:\/\/libras888.com\/wp-content\/uploads\/2025\/06\/YB02CG-150x150.jpg 150w, https:\/\/libras888.com\/wp-content\/uploads\/2025\/06\/YB02CG-768x768.jpg 768w\" sizes=\"(max-width: 800px) 100vw, 800px\" \/> <img loading=\"lazy\" decoding=\"async\" class=\"alignnone size-full wp-image-1250\" src=\"https:\/\/libras888.com\/wp-content\/uploads\/2025\/06\/YB02CM.jpg\" alt=\"\" width=\"800\" height=\"800\" srcset=\"https:\/\/libras888.com\/wp-content\/uploads\/2025\/06\/YB02CM.jpg 800w, https:\/\/libras888.com\/wp-content\/uploads\/2025\/06\/YB02CM-300x300.jpg 300w, https:\/\/libras888.com\/wp-content\/uploads\/2025\/06\/YB02CM-100x100.jpg 100w, https:\/\/libras888.com\/wp-content\/uploads\/2025\/06\/YB02CM-600x600.jpg 600w, https:\/\/libras888.com\/wp-content\/uploads\/2025\/06\/YB02CM-150x150.jpg 150w, https:\/\/libras888.com\/wp-content\/uploads\/2025\/06\/YB02CM-768x768.jpg 768w\" sizes=\"(max-width: 800px) 100vw, 800px\" \/> <img loading=\"lazy\" decoding=\"async\" class=\"alignnone size-full wp-image-1251\" src=\"https:\/\/libras888.com\/wp-content\/uploads\/2025\/06\/YB02G.jpg\" alt=\"\" width=\"800\" height=\"800\" srcset=\"https:\/\/libras888.com\/wp-content\/uploads\/2025\/06\/YB02G.jpg 800w, https:\/\/libras888.com\/wp-content\/uploads\/2025\/06\/YB02G-300x300.jpg 300w, https:\/\/libras888.com\/wp-content\/uploads\/2025\/06\/YB02G-100x100.jpg 100w, https:\/\/libras888.com\/wp-content\/uploads\/2025\/06\/YB02G-600x600.jpg 600w, https:\/\/libras888.com\/wp-content\/uploads\/2025\/06\/YB02G-150x150.jpg 150w, https:\/\/libras888.com\/wp-content\/uploads\/2025\/06\/YB02G-768x768.jpg 768w\" sizes=\"(max-width: 800px) 100vw, 800px\" \/><\/p>","protected":false},"excerpt":{"rendered":"<table style=\"border-collapse: collapse; width: 461px; height: 884px;\" border=\"0\" width=\"45\" cellspacing=\"0\" cellpadding=\"0\">\n<tbody>\n<tr style=\"height: 16.80pt;\">\n<td style=\"height: 16.80pt; width: 45.40pt;\" width=\"45\" height=\"16\">Par\u00e2metros do produto<\/td>\n<\/tr>\n<tr style=\"height: 16.80pt;\">\n<td style=\"height: 16.80pt;\" height=\"16\">Nome da marca:Libra's union<\/td>\n<\/tr>\n<tr style=\"height: 16.80pt;\">\n<td style=\"height: 16.80pt;\" height=\"16\">Modelo n.\u00ba:YB-02<\/td>\n<\/tr>\n<tr style=\"height: 16.80pt;\">\n<td style=\"height: 16.80pt;\" height=\"16\">Material principal:Pain\u00e9is artificiais<\/td>\n<\/tr>\n<tr style=\"height: 16.80pt;\">\n<td style=\"height: 16.80pt;\" height=\"16\">Cor: Azul, Rosa, Gr\u00e3o de madeira<\/td>\n<\/tr>\n<tr style=\"height: 16.80pt;\">\n<td style=\"height: 16.80pt;\" height=\"16\">Tipos de materiais:T\u00e1bua de corte \/ T\u00e1bua de melamina<\/td>\n<\/tr>\n<tr style=\"height: 17.00pt;\">\n<td style=\"height: 17.00pt;\" height=\"17\"><span class=\"font0\">Forma:<\/span><span class=\"font1\">C\u00edrculo<\/span><\/td>\n<\/tr>\n<tr style=\"height: 16.80pt;\">\n<td style=\"height: 16.80pt;\" height=\"16\">Estilo:Minimalismo<\/td>\n<\/tr>\n<tr style=\"height: 16.80pt;\">\n<td style=\"height: 16.80pt;\" height=\"16\">Origem da produ\u00e7\u00e3o:China continental<\/td>\n<\/tr>\n<tr style=\"height: 16.80pt;\">\n<td style=\"height: 16.80pt;\" height=\"16\">Classifica\u00e7\u00e3o ambiental: Classe E1<\/td>\n<\/tr>\n<\/tbody>\n<\/table>","protected":false},"featured_media":1248,"comment_status":"open","ping_status":"closed","template":"","meta":{"site-sidebar-layout":"default","site-content-layout":"","ast-site-content-layout":"default","site-content-style":"default","site-sidebar-style":"default","ast-global-header-display":"","ast-banner-title-visibility":"","ast-main-header-display":"","ast-hfb-above-header-display":"","ast-hfb-below-header-display":"","ast-hfb-mobile-header-display":"","site-post-title":"","ast-breadcrumbs-content":"","ast-featured-img":"","footer-sml-layout":"","ast-disable-related-posts":"","theme-transparent-header-meta":"default","adv-header-id-meta":"","stick-header-meta":"","header-above-stick-meta":"","header-main-stick-meta":"","header-below-stick-meta":"","astra-migrate-meta-layouts":"set","ast-page-background-enabled":"default","ast-page-background-meta":{"desktop":{"background-color":"var(--ast-global-color-4)","background-image":"","background-repeat":"repeat","background-position":"center center","background-size":"auto","background-attachment":"scroll","background-type":"","background-media":"","overlay-type":"","overlay-color":"","overlay-opacity":"","overlay-gradient":""},"tablet":{"background-color":"","background-image":"","background-repeat":"repeat","background-position":"center center","background-size":"auto","background-attachment":"scroll","background-type":"","background-media":"","overlay-type":"","overlay-color":"","overlay-opacity":"","overlay-gradient":""},"mobile":{"background-color":"","background-image":"","background-repeat":"repeat","background-position":"center center","background-size":"auto","background-attachment":"scroll","background-type":"","background-media":"","overlay-type":"","overlay-color":"","overlay-opacity":"","overlay-gradient":""}},"ast-content-background-meta":{"desktop":{"background-color":"var(--ast-global-color-5)","background-image":"","background-repeat":"repeat","background-position":"center center","background-size":"auto","background-attachment":"scroll","background-type":"","background-media":"","overlay-type":"","overlay-color":"","overlay-opacity":"","overlay-gradient":""},"tablet":{"background-color":"var(--ast-global-color-5)","background-image":"","background-repeat":"repeat","background-position":"center center","background-size":"auto","background-attachment":"scroll","background-type":"","background-media":"","overlay-type":"","overlay-color":"","overlay-opacity":"","overlay-gradient":""},"mobile":{"background-color":"var(--ast-global-color-5)","background-image":"","background-repeat":"repeat","background-position":"center center","background-size":"auto","background-attachment":"scroll","background-type":"","background-media":"","overlay-type":"","overlay-color":"","overlay-opacity":"","overlay-gradient":""}}},"product_brand":[],"product_cat":[31],"product_tag":[],"class_list":{"0":"post-1239","1":"product","2":"type-product","3":"status-publish","4":"has-post-thumbnail","6":"product_cat-medical-table","7":"desktop-align-left","8":"tablet-align-left","9":"mobile-align-left","11":"first","12":"instock","13":"shipping-taxable","14":"product-type-simple"},"_links":{"self":[{"href":"https:\/\/libras888.com\/pt\/wp-json\/wp\/v2\/product\/1239","targetHints":{"allow":["GET"]}}],"collection":[{"href":"https:\/\/libras888.com\/pt\/wp-json\/wp\/v2\/product"}],"about":[{"href":"https:\/\/libras888.com\/pt\/wp-json\/wp\/v2\/types\/product"}],"replies":[{"embeddable":true,"href":"https:\/\/libras888.com\/pt\/wp-json\/wp\/v2\/comments?post=1239"}],"wp:featuredmedia":[{"embeddable":true,"href":"https:\/\/libras888.com\/pt\/wp-json\/wp\/v2\/media\/1248"}],"wp:attachment":[{"href":"https:\/\/libras888.com\/pt\/wp-json\/wp\/v2\/media?parent=1239"}],"wp:term":[{"taxonomy":"product_brand","embeddable":true,"href":"https:\/\/libras888.com\/pt\/wp-json\/wp\/v2\/product_brand?post=1239"},{"taxonomy":"product_cat","embeddable":true,"href":"https:\/\/libras888.com\/pt\/wp-json\/wp\/v2\/product_cat?post=1239"},{"taxonomy":"product_tag","embeddable":true,"href":"https:\/\/libras888.com\/pt\/wp-json\/wp\/v2\/product_tag?post=1239"}],"curies":[{"name":"wp","href":"https:\/\/api.w.org\/{rel}","templated":true}]}}