{"id":1252,"date":"2025-06-30T04:06:53","date_gmt":"2025-06-30T04:06:53","guid":{"rendered":"https:\/\/libras888.com\/?post_type=product&#038;p=1252"},"modified":"2025-06-30T04:06:53","modified_gmt":"2025-06-30T04:06:53","slug":"hospital-health-center-clinic-medical-treatment-table-doctors-examination-table-office-medical-furniture-receptionexamination-table-3","status":"publish","type":"product","link":"https:\/\/libras888.com\/pt\/produto\/hospital-health-center-clinic-medical-treatment-table-doctors-examination-table-office-medical-furniture-receptionexamination-table-3\/","title":{"rendered":"Hospital, centro de sa\u00fade, cl\u00ednica, mesa de tratamento m\u00e9dico, mesa de exame m\u00e9dico, mobili\u00e1rio m\u00e9dico de escrit\u00f3rio, mesa de rece\u00e7\u00e3o e de exame"},"content":{"rendered":"<p><img fetchpriority=\"high\" decoding=\"async\" class=\"alignnone size-full wp-image-1254\" src=\"https:\/\/libras888.com\/wp-content\/uploads\/2025\/06\/YB03_05.jpg\" alt=\"\" width=\"790\" height=\"1048\" srcset=\"https:\/\/libras888.com\/wp-content\/uploads\/2025\/06\/YB03_05.jpg 790w, https:\/\/libras888.com\/wp-content\/uploads\/2025\/06\/YB03_05-600x796.jpg 600w, https:\/\/libras888.com\/wp-content\/uploads\/2025\/06\/YB03_05-226x300.jpg 226w, https:\/\/libras888.com\/wp-content\/uploads\/2025\/06\/YB03_05-772x1024.jpg 772w, https:\/\/libras888.com\/wp-content\/uploads\/2025\/06\/YB03_05-768x1019.jpg 768w\" sizes=\"(max-width: 790px) 100vw, 790px\" \/> <img decoding=\"async\" class=\"alignnone size-full wp-image-1255\" src=\"https:\/\/libras888.com\/wp-content\/uploads\/2025\/06\/YB03_06.jpg\" alt=\"\" width=\"790\" height=\"1172\" srcset=\"https:\/\/libras888.com\/wp-content\/uploads\/2025\/06\/YB03_06.jpg 790w, https:\/\/libras888.com\/wp-content\/uploads\/2025\/06\/YB03_06-600x890.jpg 600w, https:\/\/libras888.com\/wp-content\/uploads\/2025\/06\/YB03_06-202x300.jpg 202w, https:\/\/libras888.com\/wp-content\/uploads\/2025\/06\/YB03_06-690x1024.jpg 690w, https:\/\/libras888.com\/wp-content\/uploads\/2025\/06\/YB03_06-768x1139.jpg 768w\" sizes=\"(max-width: 790px) 100vw, 790px\" \/> <img decoding=\"async\" class=\"alignnone size-full wp-image-1256\" src=\"https:\/\/libras888.com\/wp-content\/uploads\/2025\/06\/YB03_07.jpg\" alt=\"\" width=\"790\" height=\"1134\" srcset=\"https:\/\/libras888.com\/wp-content\/uploads\/2025\/06\/YB03_07.jpg 790w, https:\/\/libras888.com\/wp-content\/uploads\/2025\/06\/YB03_07-600x861.jpg 600w, https:\/\/libras888.com\/wp-content\/uploads\/2025\/06\/YB03_07-209x300.jpg 209w, https:\/\/libras888.com\/wp-content\/uploads\/2025\/06\/YB03_07-713x1024.jpg 713w, https:\/\/libras888.com\/wp-content\/uploads\/2025\/06\/YB03_07-768x1102.jpg 768w\" sizes=\"(max-width: 790px) 100vw, 790px\" \/> <img loading=\"lazy\" decoding=\"async\" class=\"alignnone size-full wp-image-1257\" src=\"https:\/\/libras888.com\/wp-content\/uploads\/2025\/06\/YB03_08.jpg\" alt=\"\" width=\"790\" height=\"1036\" srcset=\"https:\/\/libras888.com\/wp-content\/uploads\/2025\/06\/YB03_08.jpg 790w, https:\/\/libras888.com\/wp-content\/uploads\/2025\/06\/YB03_08-600x787.jpg 600w, https:\/\/libras888.com\/wp-content\/uploads\/2025\/06\/YB03_08-229x300.jpg 229w, https:\/\/libras888.com\/wp-content\/uploads\/2025\/06\/YB03_08-781x1024.jpg 781w, https:\/\/libras888.com\/wp-content\/uploads\/2025\/06\/YB03_08-768x1007.jpg 768w\" sizes=\"(max-width: 790px) 100vw, 790px\" \/> <img loading=\"lazy\" decoding=\"async\" class=\"alignnone size-full wp-image-1258\" src=\"https:\/\/libras888.com\/wp-content\/uploads\/2025\/06\/YB03_09.jpg\" alt=\"\" width=\"790\" height=\"889\" srcset=\"https:\/\/libras888.com\/wp-content\/uploads\/2025\/06\/YB03_09.jpg 790w, https:\/\/libras888.com\/wp-content\/uploads\/2025\/06\/YB03_09-600x675.jpg 600w, https:\/\/libras888.com\/wp-content\/uploads\/2025\/06\/YB03_09-267x300.jpg 267w, https:\/\/libras888.com\/wp-content\/uploads\/2025\/06\/YB03_09-768x864.jpg 768w\" sizes=\"(max-width: 790px) 100vw, 790px\" \/> <img loading=\"lazy\" decoding=\"async\" class=\"alignnone size-full wp-image-1259\" src=\"https:\/\/libras888.com\/wp-content\/uploads\/2025\/06\/YB03_14.jpg\" alt=\"\" width=\"790\" height=\"748\" srcset=\"https:\/\/libras888.com\/wp-content\/uploads\/2025\/06\/YB03_14.jpg 790w, https:\/\/libras888.com\/wp-content\/uploads\/2025\/06\/YB03_14-600x568.jpg 600w, https:\/\/libras888.com\/wp-content\/uploads\/2025\/06\/YB03_14-300x284.jpg 300w, https:\/\/libras888.com\/wp-content\/uploads\/2025\/06\/YB03_14-768x727.jpg 768w\" sizes=\"(max-width: 790px) 100vw, 790px\" \/> <img loading=\"lazy\" decoding=\"async\" class=\"alignnone size-full wp-image-1260\" src=\"https:\/\/libras888.com\/wp-content\/uploads\/2025\/06\/YB03_15.jpg\" alt=\"\" width=\"790\" height=\"1244\" srcset=\"https:\/\/libras888.com\/wp-content\/uploads\/2025\/06\/YB03_15.jpg 790w, https:\/\/libras888.com\/wp-content\/uploads\/2025\/06\/YB03_15-600x945.jpg 600w, https:\/\/libras888.com\/wp-content\/uploads\/2025\/06\/YB03_15-191x300.jpg 191w, https:\/\/libras888.com\/wp-content\/uploads\/2025\/06\/YB03_15-650x1024.jpg 650w, https:\/\/libras888.com\/wp-content\/uploads\/2025\/06\/YB03_15-768x1209.jpg 768w\" sizes=\"(max-width: 790px) 100vw, 790px\" \/> <img loading=\"lazy\" decoding=\"async\" class=\"alignnone size-full wp-image-1261\" src=\"https:\/\/libras888.com\/wp-content\/uploads\/2025\/06\/YB03_16.jpg\" alt=\"\" width=\"790\" height=\"1281\" srcset=\"https:\/\/libras888.com\/wp-content\/uploads\/2025\/06\/YB03_16.jpg 790w, https:\/\/libras888.com\/wp-content\/uploads\/2025\/06\/YB03_16-600x973.jpg 600w, https:\/\/libras888.com\/wp-content\/uploads\/2025\/06\/YB03_16-185x300.jpg 185w, https:\/\/libras888.com\/wp-content\/uploads\/2025\/06\/YB03_16-632x1024.jpg 632w, https:\/\/libras888.com\/wp-content\/uploads\/2025\/06\/YB03_16-768x1245.jpg 768w\" sizes=\"(max-width: 790px) 100vw, 790px\" \/><\/p>","protected":false},"excerpt":{"rendered":"<table style=\"border-collapse: collapse; width: 494px; height: 863px;\" border=\"0\" width=\"45\" cellspacing=\"0\" cellpadding=\"0\">\n<tbody>\n<tr style=\"height: 16.80pt;\">\n<td style=\"height: 16.80pt; width: 45.40pt;\" width=\"45\" height=\"16\">Par\u00e2metros do produto<\/td>\n<\/tr>\n<tr style=\"height: 16.80pt;\">\n<td style=\"height: 16.80pt;\" height=\"16\">Nome da marca:Libra's union<\/td>\n<\/tr>\n<tr style=\"height: 16.80pt;\">\n<td style=\"height: 16.80pt;\" height=\"16\">Modelo n.\u00ba:YB-03<\/td>\n<\/tr>\n<tr style=\"height: 16.80pt;\">\n<td style=\"height: 16.80pt;\" height=\"16\">Material principal:Pain\u00e9is artificiais<\/td>\n<\/tr>\n<tr style=\"height: 16.80pt;\">\n<td style=\"height: 16.80pt;\" height=\"16\">Cor: Azul, Rosa, Gr\u00e3o de madeira<\/td>\n<\/tr>\n<tr style=\"height: 16.80pt;\">\n<td style=\"height: 16.80pt;\" height=\"16\">Tipos de materiais:T\u00e1bua de corte \/ T\u00e1bua de melamina<\/td>\n<\/tr>\n<tr style=\"height: 17.00pt;\">\n<td style=\"height: 17.00pt;\" height=\"17\"><span class=\"font0\">Forma:<\/span><span class=\"font1\">Quadrado<\/span><\/td>\n<\/tr>\n<tr style=\"height: 16.80pt;\">\n<td style=\"height: 16.80pt;\" height=\"16\">Estilo:Minimalismo<\/td>\n<\/tr>\n<tr style=\"height: 16.80pt;\">\n<td style=\"height: 16.80pt;\" height=\"16\">Origem da produ\u00e7\u00e3o:China continental<\/td>\n<\/tr>\n<tr style=\"height: 16.80pt;\">\n<td style=\"height: 16.80pt;\" height=\"16\">Classifica\u00e7\u00e3o ambiental: Classe E1<\/td>\n<\/tr>\n<\/tbody>\n<\/table>","protected":false},"featured_media":1253,"comment_status":"open","ping_status":"closed","template":"","meta":{"site-sidebar-layout":"default","site-content-layout":"","ast-site-content-layout":"default","site-content-style":"default","site-sidebar-style":"default","ast-global-header-display":"","ast-banner-title-visibility":"","ast-main-header-display":"","ast-hfb-above-header-display":"","ast-hfb-below-header-display":"","ast-hfb-mobile-header-display":"","site-post-title":"","ast-breadcrumbs-content":"","ast-featured-img":"","footer-sml-layout":"","ast-disable-related-posts":"","theme-transparent-header-meta":"default","adv-header-id-meta":"","stick-header-meta":"","header-above-stick-meta":"","header-main-stick-meta":"","header-below-stick-meta":"","astra-migrate-meta-layouts":"set","ast-page-background-enabled":"default","ast-page-background-meta":{"desktop":{"background-color":"var(--ast-global-color-4)","background-image":"","background-repeat":"repeat","background-position":"center center","background-size":"auto","background-attachment":"scroll","background-type":"","background-media":"","overlay-type":"","overlay-color":"","overlay-opacity":"","overlay-gradient":""},"tablet":{"background-color":"","background-image":"","background-repeat":"repeat","background-position":"center center","background-size":"auto","background-attachment":"scroll","background-type":"","background-media":"","overlay-type":"","overlay-color":"","overlay-opacity":"","overlay-gradient":""},"mobile":{"background-color":"","background-image":"","background-repeat":"repeat","background-position":"center center","background-size":"auto","background-attachment":"scroll","background-type":"","background-media":"","overlay-type":"","overlay-color":"","overlay-opacity":"","overlay-gradient":""}},"ast-content-background-meta":{"desktop":{"background-color":"var(--ast-global-color-5)","background-image":"","background-repeat":"repeat","background-position":"center center","background-size":"auto","background-attachment":"scroll","background-type":"","background-media":"","overlay-type":"","overlay-color":"","overlay-opacity":"","overlay-gradient":""},"tablet":{"background-color":"var(--ast-global-color-5)","background-image":"","background-repeat":"repeat","background-position":"center center","background-size":"auto","background-attachment":"scroll","background-type":"","background-media":"","overlay-type":"","overlay-color":"","overlay-opacity":"","overlay-gradient":""},"mobile":{"background-color":"var(--ast-global-color-5)","background-image":"","background-repeat":"repeat","background-position":"center center","background-size":"auto","background-attachment":"scroll","background-type":"","background-media":"","overlay-type":"","overlay-color":"","overlay-opacity":"","overlay-gradient":""}}},"product_brand":[],"product_cat":[31],"product_tag":[],"class_list":{"0":"post-1252","1":"product","2":"type-product","3":"status-publish","4":"has-post-thumbnail","6":"product_cat-medical-table","7":"desktop-align-left","8":"tablet-align-left","9":"mobile-align-left","11":"first","12":"instock","13":"shipping-taxable","14":"product-type-simple"},"_links":{"self":[{"href":"https:\/\/libras888.com\/pt\/wp-json\/wp\/v2\/product\/1252","targetHints":{"allow":["GET"]}}],"collection":[{"href":"https:\/\/libras888.com\/pt\/wp-json\/wp\/v2\/product"}],"about":[{"href":"https:\/\/libras888.com\/pt\/wp-json\/wp\/v2\/types\/product"}],"replies":[{"embeddable":true,"href":"https:\/\/libras888.com\/pt\/wp-json\/wp\/v2\/comments?post=1252"}],"wp:featuredmedia":[{"embeddable":true,"href":"https:\/\/libras888.com\/pt\/wp-json\/wp\/v2\/media\/1253"}],"wp:attachment":[{"href":"https:\/\/libras888.com\/pt\/wp-json\/wp\/v2\/media?parent=1252"}],"wp:term":[{"taxonomy":"product_brand","embeddable":true,"href":"https:\/\/libras888.com\/pt\/wp-json\/wp\/v2\/product_brand?post=1252"},{"taxonomy":"product_cat","embeddable":true,"href":"https:\/\/libras888.com\/pt\/wp-json\/wp\/v2\/product_cat?post=1252"},{"taxonomy":"product_tag","embeddable":true,"href":"https:\/\/libras888.com\/pt\/wp-json\/wp\/v2\/product_tag?post=1252"}],"curies":[{"name":"wp","href":"https:\/\/api.w.org\/{rel}","templated":true}]}}