{"id":1262,"date":"2025-06-30T04:09:16","date_gmt":"2025-06-30T04:09:16","guid":{"rendered":"https:\/\/libras888.com\/?post_type=product&#038;p=1262"},"modified":"2025-06-30T04:09:16","modified_gmt":"2025-06-30T04:09:16","slug":"hospital-health-center-clinic-medical-treatment-table-doctors-examination-table-office-medical-furniture-receptionexamination-table-4","status":"publish","type":"product","link":"https:\/\/libras888.com\/pt\/produto\/hospital-health-center-clinic-medical-treatment-table-doctors-examination-table-office-medical-furniture-receptionexamination-table-4\/","title":{"rendered":"Hospital, centro de sa\u00fade, cl\u00ednica, mesa de tratamento m\u00e9dico, mesa de exame m\u00e9dico, mobili\u00e1rio m\u00e9dico de escrit\u00f3rio, mesa de rece\u00e7\u00e3o e de exame"},"content":{"rendered":"<p><img fetchpriority=\"high\" decoding=\"async\" class=\"alignnone size-full wp-image-1263\" src=\"https:\/\/libras888.com\/wp-content\/uploads\/2025\/06\/d3fbae3bd848312e06b390d7e238a98.png\" alt=\"\" width=\"538\" height=\"497\" srcset=\"https:\/\/libras888.com\/wp-content\/uploads\/2025\/06\/d3fbae3bd848312e06b390d7e238a98.png 538w, https:\/\/libras888.com\/wp-content\/uploads\/2025\/06\/d3fbae3bd848312e06b390d7e238a98-300x277.png 300w\" sizes=\"(max-width: 538px) 100vw, 538px\" \/> <img decoding=\"async\" class=\"alignnone size-full wp-image-1264\" src=\"https:\/\/libras888.com\/wp-content\/uploads\/2025\/06\/HG005-5.jpg\" alt=\"\" width=\"800\" height=\"800\" srcset=\"https:\/\/libras888.com\/wp-content\/uploads\/2025\/06\/HG005-5.jpg 800w, https:\/\/libras888.com\/wp-content\/uploads\/2025\/06\/HG005-5-300x300.jpg 300w, https:\/\/libras888.com\/wp-content\/uploads\/2025\/06\/HG005-5-100x100.jpg 100w, https:\/\/libras888.com\/wp-content\/uploads\/2025\/06\/HG005-5-600x600.jpg 600w, https:\/\/libras888.com\/wp-content\/uploads\/2025\/06\/HG005-5-150x150.jpg 150w, https:\/\/libras888.com\/wp-content\/uploads\/2025\/06\/HG005-5-768x768.jpg 768w\" sizes=\"(max-width: 800px) 100vw, 800px\" \/> <img decoding=\"async\" class=\"alignnone size-full wp-image-1265\" src=\"https:\/\/libras888.com\/wp-content\/uploads\/2025\/06\/HG006-3.jpg\" alt=\"\" width=\"800\" height=\"800\" srcset=\"https:\/\/libras888.com\/wp-content\/uploads\/2025\/06\/HG006-3.jpg 800w, https:\/\/libras888.com\/wp-content\/uploads\/2025\/06\/HG006-3-300x300.jpg 300w, https:\/\/libras888.com\/wp-content\/uploads\/2025\/06\/HG006-3-100x100.jpg 100w, https:\/\/libras888.com\/wp-content\/uploads\/2025\/06\/HG006-3-600x600.jpg 600w, https:\/\/libras888.com\/wp-content\/uploads\/2025\/06\/HG006-3-150x150.jpg 150w, https:\/\/libras888.com\/wp-content\/uploads\/2025\/06\/HG006-3-768x768.jpg 768w\" sizes=\"(max-width: 800px) 100vw, 800px\" \/><\/p>","protected":false},"excerpt":{"rendered":"<table style=\"border-collapse: collapse; width: 568px; height: 867px;\" border=\"0\" width=\"45\" cellspacing=\"0\" cellpadding=\"0\">\n<tbody>\n<tr style=\"height: 16.80pt;\">\n<td style=\"height: 16.80pt; width: 45.40pt;\" width=\"45\" height=\"16\">Par\u00e2metros do produto<\/td>\n<\/tr>\n<tr style=\"height: 16.80pt;\">\n<td style=\"height: 16.80pt;\" height=\"16\">Nome da marca:Libra's union<\/td>\n<\/tr>\n<tr style=\"height: 16.80pt;\">\n<td style=\"height: 16.80pt;\" height=\"16\">Modelo n.\u00ba:YB-04<\/td>\n<\/tr>\n<tr style=\"height: 16.80pt;\">\n<td style=\"height: 16.80pt;\" height=\"16\">Material principal:Pain\u00e9is artificiais<\/td>\n<\/tr>\n<tr style=\"height: 16.80pt;\">\n<td style=\"height: 16.80pt;\" height=\"16\">Cor: Azul, Rosa, Gr\u00e3o de madeira<\/td>\n<\/tr>\n<tr style=\"height: 16.80pt;\">\n<td style=\"height: 16.80pt;\" height=\"16\">Tipos de materiais:T\u00e1bua de corte \/ T\u00e1bua de melamina<\/td>\n<\/tr>\n<tr style=\"height: 17.00pt;\">\n<td style=\"height: 17.00pt;\" height=\"17\"><span class=\"font0\">Forma:<\/span><span class=\"font1\">Quadrado<\/span><\/td>\n<\/tr>\n<tr style=\"height: 16.80pt;\">\n<td style=\"height: 16.80pt;\" height=\"16\">Estilo:Minimalismo<\/td>\n<\/tr>\n<tr style=\"height: 16.80pt;\">\n<td style=\"height: 16.80pt;\" height=\"16\">Origem da produ\u00e7\u00e3o:China continental<\/td>\n<\/tr>\n<tr style=\"height: 16.80pt;\">\n<td style=\"height: 16.80pt;\" height=\"16\">Classifica\u00e7\u00e3o ambiental: Classe E1<\/td>\n<\/tr>\n<\/tbody>\n<\/table>","protected":false},"featured_media":1265,"comment_status":"open","ping_status":"closed","template":"","meta":{"site-sidebar-layout":"default","site-content-layout":"","ast-site-content-layout":"default","site-content-style":"default","site-sidebar-style":"default","ast-global-header-display":"","ast-banner-title-visibility":"","ast-main-header-display":"","ast-hfb-above-header-display":"","ast-hfb-below-header-display":"","ast-hfb-mobile-header-display":"","site-post-title":"","ast-breadcrumbs-content":"","ast-featured-img":"","footer-sml-layout":"","ast-disable-related-posts":"","theme-transparent-header-meta":"default","adv-header-id-meta":"","stick-header-meta":"","header-above-stick-meta":"","header-main-stick-meta":"","header-below-stick-meta":"","astra-migrate-meta-layouts":"set","ast-page-background-enabled":"default","ast-page-background-meta":{"desktop":{"background-color":"var(--ast-global-color-4)","background-image":"","background-repeat":"repeat","background-position":"center center","background-size":"auto","background-attachment":"scroll","background-type":"","background-media":"","overlay-type":"","overlay-color":"","overlay-opacity":"","overlay-gradient":""},"tablet":{"background-color":"","background-image":"","background-repeat":"repeat","background-position":"center center","background-size":"auto","background-attachment":"scroll","background-type":"","background-media":"","overlay-type":"","overlay-color":"","overlay-opacity":"","overlay-gradient":""},"mobile":{"background-color":"","background-image":"","background-repeat":"repeat","background-position":"center center","background-size":"auto","background-attachment":"scroll","background-type":"","background-media":"","overlay-type":"","overlay-color":"","overlay-opacity":"","overlay-gradient":""}},"ast-content-background-meta":{"desktop":{"background-color":"var(--ast-global-color-5)","background-image":"","background-repeat":"repeat","background-position":"center center","background-size":"auto","background-attachment":"scroll","background-type":"","background-media":"","overlay-type":"","overlay-color":"","overlay-opacity":"","overlay-gradient":""},"tablet":{"background-color":"var(--ast-global-color-5)","background-image":"","background-repeat":"repeat","background-position":"center center","background-size":"auto","background-attachment":"scroll","background-type":"","background-media":"","overlay-type":"","overlay-color":"","overlay-opacity":"","overlay-gradient":""},"mobile":{"background-color":"var(--ast-global-color-5)","background-image":"","background-repeat":"repeat","background-position":"center center","background-size":"auto","background-attachment":"scroll","background-type":"","background-media":"","overlay-type":"","overlay-color":"","overlay-opacity":"","overlay-gradient":""}}},"product_brand":[],"product_cat":[31],"product_tag":[],"class_list":{"0":"post-1262","1":"product","2":"type-product","3":"status-publish","4":"has-post-thumbnail","6":"product_cat-medical-table","7":"desktop-align-left","8":"tablet-align-left","9":"mobile-align-left","11":"first","12":"instock","13":"shipping-taxable","14":"product-type-simple"},"_links":{"self":[{"href":"https:\/\/libras888.com\/pt\/wp-json\/wp\/v2\/product\/1262","targetHints":{"allow":["GET"]}}],"collection":[{"href":"https:\/\/libras888.com\/pt\/wp-json\/wp\/v2\/product"}],"about":[{"href":"https:\/\/libras888.com\/pt\/wp-json\/wp\/v2\/types\/product"}],"replies":[{"embeddable":true,"href":"https:\/\/libras888.com\/pt\/wp-json\/wp\/v2\/comments?post=1262"}],"wp:featuredmedia":[{"embeddable":true,"href":"https:\/\/libras888.com\/pt\/wp-json\/wp\/v2\/media\/1265"}],"wp:attachment":[{"href":"https:\/\/libras888.com\/pt\/wp-json\/wp\/v2\/media?parent=1262"}],"wp:term":[{"taxonomy":"product_brand","embeddable":true,"href":"https:\/\/libras888.com\/pt\/wp-json\/wp\/v2\/product_brand?post=1262"},{"taxonomy":"product_cat","embeddable":true,"href":"https:\/\/libras888.com\/pt\/wp-json\/wp\/v2\/product_cat?post=1262"},{"taxonomy":"product_tag","embeddable":true,"href":"https:\/\/libras888.com\/pt\/wp-json\/wp\/v2\/product_tag?post=1262"}],"curies":[{"name":"wp","href":"https:\/\/api.w.org\/{rel}","templated":true}]}}