{"id":1294,"date":"2025-06-30T04:18:47","date_gmt":"2025-06-30T04:18:47","guid":{"rendered":"https:\/\/libras888.com\/?post_type=product&#038;p=1294"},"modified":"2025-06-30T04:18:47","modified_gmt":"2025-06-30T04:18:47","slug":"hospital-intelligent-childrens-atomization-table-atomizer-table-clinic-multifunctional-room-childrens-cartoon-animation-customization","status":"publish","type":"product","link":"https:\/\/libras888.com\/pt\/produto\/hospital-intelligent-childrens-atomization-table-atomizer-table-clinic-multifunctional-room-childrens-cartoon-animation-customization\/","title":{"rendered":"Mesa de Atomiza\u00e7\u00e3o Infantil Inteligente para Hospital Mesa de Atomiza\u00e7\u00e3o Cl\u00ednica Sala Multifuncional Personaliza\u00e7\u00e3o de Anima\u00e7\u00e3o de Desenhos Animados para Crian\u00e7as"},"content":{"rendered":"<p><img fetchpriority=\"high\" decoding=\"async\" class=\"alignnone size-full wp-image-1295\" src=\"https:\/\/libras888.com\/wp-content\/uploads\/2025\/06\/YB51_03.jpg\" alt=\"\" width=\"790\" height=\"1006\" srcset=\"https:\/\/libras888.com\/wp-content\/uploads\/2025\/06\/YB51_03.jpg 790w, https:\/\/libras888.com\/wp-content\/uploads\/2025\/06\/YB51_03-600x764.jpg 600w, https:\/\/libras888.com\/wp-content\/uploads\/2025\/06\/YB51_03-236x300.jpg 236w, https:\/\/libras888.com\/wp-content\/uploads\/2025\/06\/YB51_03-768x978.jpg 768w\" sizes=\"(max-width: 790px) 100vw, 790px\" \/> <img decoding=\"async\" class=\"alignnone size-full wp-image-1296\" src=\"https:\/\/libras888.com\/wp-content\/uploads\/2025\/06\/YB51_04.jpg\" alt=\"\" width=\"790\" height=\"1187\" srcset=\"https:\/\/libras888.com\/wp-content\/uploads\/2025\/06\/YB51_04.jpg 790w, https:\/\/libras888.com\/wp-content\/uploads\/2025\/06\/YB51_04-600x902.jpg 600w, https:\/\/libras888.com\/wp-content\/uploads\/2025\/06\/YB51_04-200x300.jpg 200w, https:\/\/libras888.com\/wp-content\/uploads\/2025\/06\/YB51_04-682x1024.jpg 682w, https:\/\/libras888.com\/wp-content\/uploads\/2025\/06\/YB51_04-768x1154.jpg 768w\" sizes=\"(max-width: 790px) 100vw, 790px\" \/> <img decoding=\"async\" class=\"alignnone size-full wp-image-1297\" src=\"https:\/\/libras888.com\/wp-content\/uploads\/2025\/06\/YB51_05.jpg\" alt=\"\" width=\"790\" height=\"762\" srcset=\"https:\/\/libras888.com\/wp-content\/uploads\/2025\/06\/YB51_05.jpg 790w, https:\/\/libras888.com\/wp-content\/uploads\/2025\/06\/YB51_05-600x579.jpg 600w, https:\/\/libras888.com\/wp-content\/uploads\/2025\/06\/YB51_05-300x289.jpg 300w, https:\/\/libras888.com\/wp-content\/uploads\/2025\/06\/YB51_05-768x741.jpg 768w\" sizes=\"(max-width: 790px) 100vw, 790px\" \/> <img loading=\"lazy\" decoding=\"async\" class=\"alignnone size-full wp-image-1298\" src=\"https:\/\/libras888.com\/wp-content\/uploads\/2025\/06\/YB51_06.jpg\" alt=\"\" width=\"790\" height=\"806\" srcset=\"https:\/\/libras888.com\/wp-content\/uploads\/2025\/06\/YB51_06.jpg 790w, https:\/\/libras888.com\/wp-content\/uploads\/2025\/06\/YB51_06-600x612.jpg 600w, https:\/\/libras888.com\/wp-content\/uploads\/2025\/06\/YB51_06-294x300.jpg 294w, https:\/\/libras888.com\/wp-content\/uploads\/2025\/06\/YB51_06-768x784.jpg 768w\" sizes=\"(max-width: 790px) 100vw, 790px\" \/> <img loading=\"lazy\" decoding=\"async\" class=\"alignnone size-full wp-image-1299\" src=\"https:\/\/libras888.com\/wp-content\/uploads\/2025\/06\/YB51_09.jpg\" alt=\"\" width=\"790\" height=\"884\" srcset=\"https:\/\/libras888.com\/wp-content\/uploads\/2025\/06\/YB51_09.jpg 790w, https:\/\/libras888.com\/wp-content\/uploads\/2025\/06\/YB51_09-600x671.jpg 600w, https:\/\/libras888.com\/wp-content\/uploads\/2025\/06\/YB51_09-268x300.jpg 268w, https:\/\/libras888.com\/wp-content\/uploads\/2025\/06\/YB51_09-768x859.jpg 768w\" sizes=\"(max-width: 790px) 100vw, 790px\" \/> <img loading=\"lazy\" decoding=\"async\" class=\"alignnone size-full wp-image-1300\" src=\"https:\/\/libras888.com\/wp-content\/uploads\/2025\/06\/YB51_10.jpg\" alt=\"\" width=\"790\" height=\"938\" srcset=\"https:\/\/libras888.com\/wp-content\/uploads\/2025\/06\/YB51_10.jpg 790w, https:\/\/libras888.com\/wp-content\/uploads\/2025\/06\/YB51_10-600x712.jpg 600w, https:\/\/libras888.com\/wp-content\/uploads\/2025\/06\/YB51_10-253x300.jpg 253w, https:\/\/libras888.com\/wp-content\/uploads\/2025\/06\/YB51_10-768x912.jpg 768w\" sizes=\"(max-width: 790px) 100vw, 790px\" \/><\/p>","protected":false},"excerpt":{"rendered":"<table style=\"border-collapse: collapse; width: 538px; height: 815px;\" border=\"0\" width=\"45\" cellspacing=\"0\" cellpadding=\"0\">\n<tbody>\n<tr style=\"height: 16.80pt;\">\n<td style=\"height: 16.80pt; width: 45.40pt;\" width=\"45\" height=\"16\">Par\u00e2metros do produto<\/td>\n<\/tr>\n<tr style=\"height: 16.80pt;\">\n<td style=\"height: 16.80pt;\" height=\"16\">Nome da marca:Libra's union<\/td>\n<\/tr>\n<tr style=\"height: 17.00pt;\">\n<td style=\"height: 17.00pt;\" height=\"17\"><span class=\"font0\">Modelo n\u00ba:<\/span><span class=\"font1\">YB51<\/span><\/td>\n<\/tr>\n<tr style=\"height: 16.80pt;\">\n<td style=\"height: 16.80pt;\" height=\"16\">Material principal:Pain\u00e9is artificiais<\/td>\n<\/tr>\n<tr style=\"height: 16.80pt;\">\n<td style=\"height: 16.80pt;\" height=\"16\">Cor: azul, cor-de-rosa<\/td>\n<\/tr>\n<tr style=\"height: 16.80pt;\">\n<td style=\"height: 16.80pt;\" height=\"16\">Tipos de materiais:T\u00e1bua de corte \/ T\u00e1bua de melamina<\/td>\n<\/tr>\n<tr style=\"height: 17.00pt;\">\n<td style=\"height: 17.00pt;\" height=\"17\"><span class=\"font0\">Forma:<\/span><span class=\"font1\">Quadrado<\/span><\/td>\n<\/tr>\n<tr style=\"height: 16.80pt;\">\n<td style=\"height: 16.80pt;\" height=\"16\">Estilo:Minimalismo<\/td>\n<\/tr>\n<tr style=\"height: 16.80pt;\">\n<td style=\"height: 16.80pt;\" height=\"16\">Origem da produ\u00e7\u00e3o:China continental<\/td>\n<\/tr>\n<tr style=\"height: 16.80pt;\">\n<td style=\"height: 16.80pt;\" height=\"16\">Classifica\u00e7\u00e3o ambiental: Classe E1<\/td>\n<\/tr>\n<\/tbody>\n<\/table>","protected":false},"featured_media":1297,"comment_status":"open","ping_status":"closed","template":"","meta":{"site-sidebar-layout":"default","site-content-layout":"","ast-site-content-layout":"default","site-content-style":"default","site-sidebar-style":"default","ast-global-header-display":"","ast-banner-title-visibility":"","ast-main-header-display":"","ast-hfb-above-header-display":"","ast-hfb-below-header-display":"","ast-hfb-mobile-header-display":"","site-post-title":"","ast-breadcrumbs-content":"","ast-featured-img":"","footer-sml-layout":"","ast-disable-related-posts":"","theme-transparent-header-meta":"default","adv-header-id-meta":"","stick-header-meta":"","header-above-stick-meta":"","header-main-stick-meta":"","header-below-stick-meta":"","astra-migrate-meta-layouts":"set","ast-page-background-enabled":"default","ast-page-background-meta":{"desktop":{"background-color":"var(--ast-global-color-4)","background-image":"","background-repeat":"repeat","background-position":"center center","background-size":"auto","background-attachment":"scroll","background-type":"","background-media":"","overlay-type":"","overlay-color":"","overlay-opacity":"","overlay-gradient":""},"tablet":{"background-color":"","background-image":"","background-repeat":"repeat","background-position":"center center","background-size":"auto","background-attachment":"scroll","background-type":"","background-media":"","overlay-type":"","overlay-color":"","overlay-opacity":"","overlay-gradient":""},"mobile":{"background-color":"","background-image":"","background-repeat":"repeat","background-position":"center center","background-size":"auto","background-attachment":"scroll","background-type":"","background-media":"","overlay-type":"","overlay-color":"","overlay-opacity":"","overlay-gradient":""}},"ast-content-background-meta":{"desktop":{"background-color":"var(--ast-global-color-5)","background-image":"","background-repeat":"repeat","background-position":"center center","background-size":"auto","background-attachment":"scroll","background-type":"","background-media":"","overlay-type":"","overlay-color":"","overlay-opacity":"","overlay-gradient":""},"tablet":{"background-color":"var(--ast-global-color-5)","background-image":"","background-repeat":"repeat","background-position":"center center","background-size":"auto","background-attachment":"scroll","background-type":"","background-media":"","overlay-type":"","overlay-color":"","overlay-opacity":"","overlay-gradient":""},"mobile":{"background-color":"var(--ast-global-color-5)","background-image":"","background-repeat":"repeat","background-position":"center center","background-size":"auto","background-attachment":"scroll","background-type":"","background-media":"","overlay-type":"","overlay-color":"","overlay-opacity":"","overlay-gradient":""}}},"product_brand":[],"product_cat":[31],"product_tag":[],"class_list":{"0":"post-1294","1":"product","2":"type-product","3":"status-publish","4":"has-post-thumbnail","6":"product_cat-medical-table","7":"desktop-align-left","8":"tablet-align-left","9":"mobile-align-left","11":"first","12":"instock","13":"shipping-taxable","14":"product-type-simple"},"_links":{"self":[{"href":"https:\/\/libras888.com\/pt\/wp-json\/wp\/v2\/product\/1294","targetHints":{"allow":["GET"]}}],"collection":[{"href":"https:\/\/libras888.com\/pt\/wp-json\/wp\/v2\/product"}],"about":[{"href":"https:\/\/libras888.com\/pt\/wp-json\/wp\/v2\/types\/product"}],"replies":[{"embeddable":true,"href":"https:\/\/libras888.com\/pt\/wp-json\/wp\/v2\/comments?post=1294"}],"wp:featuredmedia":[{"embeddable":true,"href":"https:\/\/libras888.com\/pt\/wp-json\/wp\/v2\/media\/1297"}],"wp:attachment":[{"href":"https:\/\/libras888.com\/pt\/wp-json\/wp\/v2\/media?parent=1294"}],"wp:term":[{"taxonomy":"product_brand","embeddable":true,"href":"https:\/\/libras888.com\/pt\/wp-json\/wp\/v2\/product_brand?post=1294"},{"taxonomy":"product_cat","embeddable":true,"href":"https:\/\/libras888.com\/pt\/wp-json\/wp\/v2\/product_cat?post=1294"},{"taxonomy":"product_tag","embeddable":true,"href":"https:\/\/libras888.com\/pt\/wp-json\/wp\/v2\/product_tag?post=1294"}],"curies":[{"name":"wp","href":"https:\/\/api.w.org\/{rel}","templated":true}]}}