{"id":1312,"date":"2025-06-30T04:24:40","date_gmt":"2025-06-30T04:24:40","guid":{"rendered":"https:\/\/libras888.com\/?post_type=product&#038;p=1312"},"modified":"2025-06-30T04:24:40","modified_gmt":"2025-06-30T04:24:40","slug":"hospital-health-center-clinic-medical-treatment-table-doctors-examination-table-office-medical-furniture-receptionexamination-table-7","status":"publish","type":"product","link":"https:\/\/libras888.com\/pt\/produto\/hospital-health-center-clinic-medical-treatment-table-doctors-examination-table-office-medical-furniture-receptionexamination-table-7\/","title":{"rendered":"Hospital, centro de sa\u00fade, cl\u00ednica, mesa de tratamento m\u00e9dico, mesa de exame m\u00e9dico, mobili\u00e1rio m\u00e9dico de escrit\u00f3rio, mesa de rece\u00e7\u00e3o e de exame"},"content":{"rendered":"<p><img fetchpriority=\"high\" decoding=\"async\" class=\"alignnone size-full wp-image-1313\" src=\"https:\/\/libras888.com\/wp-content\/uploads\/2025\/06\/HG006-4.jpg\" alt=\"\" width=\"800\" height=\"800\" srcset=\"https:\/\/libras888.com\/wp-content\/uploads\/2025\/06\/HG006-4.jpg 800w, https:\/\/libras888.com\/wp-content\/uploads\/2025\/06\/HG006-4-300x300.jpg 300w, https:\/\/libras888.com\/wp-content\/uploads\/2025\/06\/HG006-4-100x100.jpg 100w, https:\/\/libras888.com\/wp-content\/uploads\/2025\/06\/HG006-4-600x600.jpg 600w, https:\/\/libras888.com\/wp-content\/uploads\/2025\/06\/HG006-4-150x150.jpg 150w, https:\/\/libras888.com\/wp-content\/uploads\/2025\/06\/HG006-4-768x768.jpg 768w\" sizes=\"(max-width: 800px) 100vw, 800px\" \/> <img decoding=\"async\" class=\"alignnone size-full wp-image-1314\" src=\"https:\/\/libras888.com\/wp-content\/uploads\/2025\/06\/YB66_06-1.jpg\" alt=\"\" width=\"790\" height=\"1074\" srcset=\"https:\/\/libras888.com\/wp-content\/uploads\/2025\/06\/YB66_06-1.jpg 790w, https:\/\/libras888.com\/wp-content\/uploads\/2025\/06\/YB66_06-1-600x816.jpg 600w, https:\/\/libras888.com\/wp-content\/uploads\/2025\/06\/YB66_06-1-221x300.jpg 221w, https:\/\/libras888.com\/wp-content\/uploads\/2025\/06\/YB66_06-1-753x1024.jpg 753w, https:\/\/libras888.com\/wp-content\/uploads\/2025\/06\/YB66_06-1-768x1044.jpg 768w\" sizes=\"(max-width: 790px) 100vw, 790px\" \/> <img decoding=\"async\" class=\"alignnone size-full wp-image-1315\" src=\"https:\/\/libras888.com\/wp-content\/uploads\/2025\/06\/YB66_11.jpg\" alt=\"\" width=\"790\" height=\"749\" srcset=\"https:\/\/libras888.com\/wp-content\/uploads\/2025\/06\/YB66_11.jpg 790w, https:\/\/libras888.com\/wp-content\/uploads\/2025\/06\/YB66_11-600x569.jpg 600w, https:\/\/libras888.com\/wp-content\/uploads\/2025\/06\/YB66_11-300x284.jpg 300w, https:\/\/libras888.com\/wp-content\/uploads\/2025\/06\/YB66_11-768x728.jpg 768w\" sizes=\"(max-width: 790px) 100vw, 790px\" \/> <img loading=\"lazy\" decoding=\"async\" class=\"alignnone size-full wp-image-1316\" src=\"https:\/\/libras888.com\/wp-content\/uploads\/2025\/06\/YB66_12.jpg\" alt=\"\" width=\"790\" height=\"757\" srcset=\"https:\/\/libras888.com\/wp-content\/uploads\/2025\/06\/YB66_12.jpg 790w, https:\/\/libras888.com\/wp-content\/uploads\/2025\/06\/YB66_12-600x575.jpg 600w, https:\/\/libras888.com\/wp-content\/uploads\/2025\/06\/YB66_12-300x287.jpg 300w, https:\/\/libras888.com\/wp-content\/uploads\/2025\/06\/YB66_12-768x736.jpg 768w\" sizes=\"(max-width: 790px) 100vw, 790px\" \/><\/p>","protected":false},"excerpt":{"rendered":"<table style=\"border-collapse: collapse; width: 626px; height: 827px;\" border=\"0\" width=\"45\" cellspacing=\"0\" cellpadding=\"0\">\n<tbody>\n<tr style=\"height: 16.80pt;\">\n<td style=\"height: 16.80pt; width: 45.40pt;\" width=\"45\" height=\"16\">Par\u00e2metros do produto<\/td>\n<\/tr>\n<tr style=\"height: 16.80pt;\">\n<td style=\"height: 16.80pt;\" height=\"16\">Nome da marca:Libra's union<\/td>\n<\/tr>\n<tr style=\"height: 16.80pt;\">\n<td style=\"height: 16.80pt;\" height=\"16\">Modelo n.\u00ba:YB-67<\/td>\n<\/tr>\n<tr style=\"height: 16.80pt;\">\n<td style=\"height: 16.80pt;\" height=\"16\">Material principal:Pain\u00e9is artificiais<\/td>\n<\/tr>\n<tr style=\"height: 16.80pt;\">\n<td style=\"height: 16.80pt;\" height=\"16\">Cor: Azul,Gr\u00e3o de madeira<\/td>\n<\/tr>\n<tr style=\"height: 16.80pt;\">\n<td style=\"height: 16.80pt;\" height=\"16\">Tipos de materiais:T\u00e1bua de corte \/ T\u00e1bua de melamina<\/td>\n<\/tr>\n<tr style=\"height: 17.00pt;\">\n<td style=\"height: 17.00pt;\" height=\"17\"><span class=\"font0\">Forma:<\/span><span class=\"font1\">Quadrado<\/span><\/td>\n<\/tr>\n<tr style=\"height: 16.80pt;\">\n<td style=\"height: 16.80pt;\" height=\"16\">Estilo:Minimalismo<\/td>\n<\/tr>\n<tr style=\"height: 16.80pt;\">\n<td style=\"height: 16.80pt;\" height=\"16\">Origem da produ\u00e7\u00e3o:China continental<\/td>\n<\/tr>\n<tr style=\"height: 16.80pt;\">\n<td style=\"height: 16.80pt;\" height=\"16\">Classifica\u00e7\u00e3o ambiental: Classe E1<\/td>\n<\/tr>\n<\/tbody>\n<\/table>","protected":false},"featured_media":1316,"comment_status":"open","ping_status":"closed","template":"","meta":{"site-sidebar-layout":"default","site-content-layout":"","ast-site-content-layout":"default","site-content-style":"default","site-sidebar-style":"default","ast-global-header-display":"","ast-banner-title-visibility":"","ast-main-header-display":"","ast-hfb-above-header-display":"","ast-hfb-below-header-display":"","ast-hfb-mobile-header-display":"","site-post-title":"","ast-breadcrumbs-content":"","ast-featured-img":"","footer-sml-layout":"","ast-disable-related-posts":"","theme-transparent-header-meta":"default","adv-header-id-meta":"","stick-header-meta":"","header-above-stick-meta":"","header-main-stick-meta":"","header-below-stick-meta":"","astra-migrate-meta-layouts":"set","ast-page-background-enabled":"default","ast-page-background-meta":{"desktop":{"background-color":"var(--ast-global-color-4)","background-image":"","background-repeat":"repeat","background-position":"center center","background-size":"auto","background-attachment":"scroll","background-type":"","background-media":"","overlay-type":"","overlay-color":"","overlay-opacity":"","overlay-gradient":""},"tablet":{"background-color":"","background-image":"","background-repeat":"repeat","background-position":"center center","background-size":"auto","background-attachment":"scroll","background-type":"","background-media":"","overlay-type":"","overlay-color":"","overlay-opacity":"","overlay-gradient":""},"mobile":{"background-color":"","background-image":"","background-repeat":"repeat","background-position":"center center","background-size":"auto","background-attachment":"scroll","background-type":"","background-media":"","overlay-type":"","overlay-color":"","overlay-opacity":"","overlay-gradient":""}},"ast-content-background-meta":{"desktop":{"background-color":"var(--ast-global-color-5)","background-image":"","background-repeat":"repeat","background-position":"center center","background-size":"auto","background-attachment":"scroll","background-type":"","background-media":"","overlay-type":"","overlay-color":"","overlay-opacity":"","overlay-gradient":""},"tablet":{"background-color":"var(--ast-global-color-5)","background-image":"","background-repeat":"repeat","background-position":"center center","background-size":"auto","background-attachment":"scroll","background-type":"","background-media":"","overlay-type":"","overlay-color":"","overlay-opacity":"","overlay-gradient":""},"mobile":{"background-color":"var(--ast-global-color-5)","background-image":"","background-repeat":"repeat","background-position":"center center","background-size":"auto","background-attachment":"scroll","background-type":"","background-media":"","overlay-type":"","overlay-color":"","overlay-opacity":"","overlay-gradient":""}}},"product_brand":[],"product_cat":[31],"product_tag":[],"class_list":{"0":"post-1312","1":"product","2":"type-product","3":"status-publish","4":"has-post-thumbnail","6":"product_cat-medical-table","7":"desktop-align-left","8":"tablet-align-left","9":"mobile-align-left","11":"first","12":"instock","13":"shipping-taxable","14":"product-type-simple"},"_links":{"self":[{"href":"https:\/\/libras888.com\/pt\/wp-json\/wp\/v2\/product\/1312","targetHints":{"allow":["GET"]}}],"collection":[{"href":"https:\/\/libras888.com\/pt\/wp-json\/wp\/v2\/product"}],"about":[{"href":"https:\/\/libras888.com\/pt\/wp-json\/wp\/v2\/types\/product"}],"replies":[{"embeddable":true,"href":"https:\/\/libras888.com\/pt\/wp-json\/wp\/v2\/comments?post=1312"}],"wp:featuredmedia":[{"embeddable":true,"href":"https:\/\/libras888.com\/pt\/wp-json\/wp\/v2\/media\/1316"}],"wp:attachment":[{"href":"https:\/\/libras888.com\/pt\/wp-json\/wp\/v2\/media?parent=1312"}],"wp:term":[{"taxonomy":"product_brand","embeddable":true,"href":"https:\/\/libras888.com\/pt\/wp-json\/wp\/v2\/product_brand?post=1312"},{"taxonomy":"product_cat","embeddable":true,"href":"https:\/\/libras888.com\/pt\/wp-json\/wp\/v2\/product_cat?post=1312"},{"taxonomy":"product_tag","embeddable":true,"href":"https:\/\/libras888.com\/pt\/wp-json\/wp\/v2\/product_tag?post=1312"}],"curies":[{"name":"wp","href":"https:\/\/api.w.org\/{rel}","templated":true}]}}